{"id":1019,"date":"2014-03-13T08:27:23","date_gmt":"2014-03-13T06:27:23","guid":{"rendered":"http:\/\/winw.de\/dsa\/?page_id=1019"},"modified":"2014-04-03T08:42:36","modified_gmt":"2014-04-03T05:42:36","slug":"herta-mueller","status":"publish","type":"page","link":"https:\/\/winw.de\/dsa\/?page_id=1019","title":{"rendered":"Herta M\u00fcller"},"content":{"rendered":"<p><a href=\"http:\/\/winw.de\/dsa\/wp-content\/uploads\/Ausstellung.pdf\">Plakat zur Ausstellung<\/a><\/p>\n<p>Am Dienstag, 19. M\u00e4rz 2014, wird die Herta-M\u00fcller-Ausstellung am Goethe-Kolleg im Rahmen eines Zeitzeugengespr\u00e4chs feierlich er\u00f6ffnet. Um 18:00 Uhr in Saal 30 werden Herr Radu Filipescu und Herr Cosmin Budeanc\u0103 zu uns kommen, um uns \u00fcber die rum\u00e4nische kommunistische Zeit, in der und \u00fcber die auch Herta M\u00fcller geschrieben hat, zu berichten.<\/p>\n<p>\r\n\t<div class=\"slideshow_container slideshow_container_style-light\" style=\"height: 300px; \" data-slideshow-id=\"1038\" data-style-name=\"style-light\" data-style-version=\"2.3.1\" >\r\n\r\n\t\t\r\n\t\t<div class=\"slideshow_content\" style=\"display: none;\">\r\n\r\n\t\t\t<div class=\"slideshow_view\">\r\n\t\t\t\t<div class=\"slideshow_slide slideshow_slide_image\">\r\n\t\t\t\t\t\t\t\t\t\t\t<img src=\"https:\/\/winw.de\/dsa\/wp-content\/uploads\/Foto-2.jpg\" alt=\"Foto 2\" width=\"640\" height=\"480\" \/>\r\n\t\t\t\t\t\t\t\t\t\t<div class=\"slideshow_description_box slideshow_transparent\">\r\n\t\t\t\t\t\t<div class=\"slideshow_title\">Foto 2<\/div>\t\t\t\t\t\t\t\t\t\t\t<\/div>\r\n\t\t\t\t<\/div>\r\n\r\n\t\t\t\t\t\t<div style=\"clear: both;\"><\/div><\/div><div class=\"slideshow_view\">\r\n\t\t\t\t<div class=\"slideshow_slide slideshow_slide_image\">\r\n\t\t\t\t\t\t\t\t\t\t\t<img src=\"https:\/\/winw.de\/dsa\/wp-content\/uploads\/Foto-4.jpg\" alt=\"Foto 4\" width=\"640\" height=\"480\" \/>\r\n\t\t\t\t\t\t\t\t\t\t<div class=\"slideshow_description_box slideshow_transparent\">\r\n\t\t\t\t\t\t<div class=\"slideshow_title\">Foto 4<\/div>\t\t\t\t\t\t\t\t\t\t\t<\/div>\r\n\t\t\t\t<\/div>\r\n\r\n\t\t\t\t\t\t<div style=\"clear: both;\"><\/div><\/div><div class=\"slideshow_view\">\r\n\t\t\t\t<div class=\"slideshow_slide slideshow_slide_image\">\r\n\t\t\t\t\t\t\t\t\t\t\t<img src=\"https:\/\/winw.de\/dsa\/wp-content\/uploads\/Foto-1.jpg\" alt=\"Foto 1\" width=\"640\" height=\"480\" \/>\r\n\t\t\t\t\t\t\t\t\t\t<div class=\"slideshow_description_box slideshow_transparent\">\r\n\t\t\t\t\t\t<div class=\"slideshow_title\">Foto 1<\/div>\t\t\t\t\t\t\t\t\t\t\t<\/div>\r\n\t\t\t\t<\/div>\r\n\r\n\t\t\t\t\t\t<div style=\"clear: both;\"><\/div><\/div><div class=\"slideshow_view\">\r\n\t\t\t\t<div class=\"slideshow_slide slideshow_slide_image\">\r\n\t\t\t\t\t\t\t\t\t\t\t<img src=\"https:\/\/winw.de\/dsa\/wp-content\/uploads\/Foto-3.jpg\" alt=\"Foto 3\" width=\"640\" height=\"480\" \/>\r\n\t\t\t\t\t\t\t\t\t\t<div class=\"slideshow_description_box slideshow_transparent\">\r\n\t\t\t\t\t\t<div class=\"slideshow_title\">Foto 3<\/div>\t\t\t\t\t\t\t\t\t\t\t<\/div>\r\n\t\t\t\t<\/div>\r\n\r\n\t\t\t\t\t\t<div style=\"clear: both;\"><\/div><\/div>\r\n\t\t<\/div>\r\n\r\n\t\t<div class=\"slideshow_controlPanel slideshow_transparent\" style=\"display: none;\"><ul><li class=\"slideshow_togglePlay\" data-play-text=\"Abspielen\" data-pause-text=\"Pause\"><\/li><\/ul><\/div>\r\n\r\n\t\t<div class=\"slideshow_button slideshow_previous slideshow_transparent\" role=\"button\" data-previous-text=\"Zur\u00fcck\" style=\"display: none;\"><\/div>\r\n\t\t<div class=\"slideshow_button slideshow_next slideshow_transparent\" role=\"button\" data-next-text=\"N\u00e4chstes\" style=\"display: none;\"><\/div>\r\n\r\n\t\t<div class=\"slideshow_pagination\" style=\"display: none;\" data-go-to-text=\"Gehe zum Bild\"><div class=\"slideshow_pagination_center\"><\/div><\/div>\r\n\r\n\t\t<!-- WordPress Slideshow Version 2.3.1 -->\r\n\r\n\t\t\t<\/div>\r\n\r\n<br \/>\n<br \/>\nAm 18. M\u00e4rz, um 18 Uhr haben sich die Sch\u00fcler der Klassen 12 B und C im Konferenzsall der Schule gesammelt, um bei der Er\u00f6ffnung der Ausstellung &#8220;Herta M\u00fcller:Der Teufelskreis der W\u00f6rter&#8221;, in Kooperation mit den <a href=\"http:\/\/www.goethe.de\/ins\/ro\/buk\/roindex.htm?wt_sc=bukarest\" target=\"_blank\">Goethe Instiut<\/a> und der <a href=\"https:\/\/www.kas.de\/rumaenien\/ro\/\" target=\"_blank\">Kondrad Adenauer Stiftung<\/a>, teilzunehemen.<br \/>\nFrau Mann, Deutschlehrerin der DSA Bukarest, hat sich daf\u00fcr eingesetzt, den Sch\u00fclern die Chanche zu geben ein Gespr\u00e4ch mit den Zeitzeuge <strong>Radu Filipescu<\/strong> und Historiker <strong>Cosmin Budeanc\u0103<\/strong> zu f\u00fchren. Dieser diente daf\u00fcr, den Sch\u00fclern ein klareren Blick in der Welt Herta M\u00fcllers zu schaffen. W\u00e4hrend der Herr Filipescu \u00fcber seinen eigenen Erlebnisse in der Zeit des Kommunismus sprach und die Lekt\u00fcre Herta M\u00fcllers empfiehl, obwohl er sie mit den rum\u00e4nischen Filmdrama von Cristian Mungiu<em> 4 Monate, 3 Wochen und 2 Tage<\/em> vergliech, setzte sich der Historiker Cosmin Budeanc\u0103 daf\u00fcr ein, die Aussage M\u00fcllers, dass es im kommunistischen Rum\u00e4nien keine Dissidenten gab, aufzukl\u00e4ren.<br \/>\nDie Ausstellung lief bis zum 28. M\u00e4rz 2014, im Deutschen Goethe-Kolleg Bukarest.<\/p>\n","protected":false},"excerpt":{"rendered":"<p>Plakat zur Ausstellung Am Dienstag, 19. M\u00e4rz 2014, wird die Herta-M\u00fcller-Ausstellung am Goethe-Kolleg im Rahmen eines Zeitzeugengespr\u00e4chs feierlich er\u00f6ffnet. Um 18:00 Uhr in Saal 30 werden Herr Radu Filipescu und Herr Cosmin Budeanc\u0103 zu uns kommen, um uns \u00fcber die rum\u00e4nische kommunistische Zeit, in der und \u00fcber die auch Herta M\u00fcller geschrieben hat, zu berichten. [&hellip;]<\/p>\n","protected":false},"author":6,"featured_media":0,"parent":0,"menu_order":0,"comment_status":"closed","ping_status":"closed","template":"","meta":{"footnotes":""},"class_list":["post-1019","page","type-page","status-publish","hentry"],"publishpress_future_action":{"enabled":false,"date":"2026-05-01 15:18:33","action":"change-status","newStatus":"draft","terms":[],"taxonomy":""},"publishpress_future_workflow_manual_trigger":{"enabledWorkflows":[]},"_links":{"self":[{"href":"https:\/\/winw.de\/dsa\/index.php?rest_route=\/wp\/v2\/pages\/1019","targetHints":{"allow":["GET"]}}],"collection":[{"href":"https:\/\/winw.de\/dsa\/index.php?rest_route=\/wp\/v2\/pages"}],"about":[{"href":"https:\/\/winw.de\/dsa\/index.php?rest_route=\/wp\/v2\/types\/page"}],"author":[{"embeddable":true,"href":"https:\/\/winw.de\/dsa\/index.php?rest_route=\/wp\/v2\/users\/6"}],"replies":[{"embeddable":true,"href":"https:\/\/winw.de\/dsa\/index.php?rest_route=%2Fwp%2Fv2%2Fcomments&post=1019"}],"version-history":[{"count":10,"href":"https:\/\/winw.de\/dsa\/index.php?rest_route=\/wp\/v2\/pages\/1019\/revisions"}],"predecessor-version":[{"id":1043,"href":"https:\/\/winw.de\/dsa\/index.php?rest_route=\/wp\/v2\/pages\/1019\/revisions\/1043"}],"wp:attachment":[{"href":"https:\/\/winw.de\/dsa\/index.php?rest_route=%2Fwp%2Fv2%2Fmedia&parent=1019"}],"curies":[{"name":"wp","href":"https:\/\/api.w.org\/{rel}","templated":true}]}}