{"id":105,"date":"2012-09-10T08:58:04","date_gmt":"2012-09-10T05:58:04","guid":{"rendered":"http:\/\/winw.de\/dsa\/?page_id=105"},"modified":"2013-06-12T15:42:02","modified_gmt":"2013-06-12T12:42:02","slug":"frau-wirth","status":"publish","type":"page","link":"https:\/\/winw.de\/dsa\/?page_id=105","title":{"rendered":"Frau Wirth"},"content":{"rendered":"<h2 id=\"yui_3_7_2_1_1371038962263_3651\">Liebe Sch\u00fclerinnen und Sch\u00fcler, liebe Leserinnen und Leser,<\/h2>\n<div id=\"yui_3_7_2_1_1371038962263_3650\"><\/div>\n<div id=\"yui_3_7_2_1_1371038962263_3649\">nach zwei Jahren ist der Moment gekommen, wo es hei\u00dft Abschied zu nehmen. Schweren Herzens werde ich Bukarest verlassen, doch im Gep\u00e4ck nach Deutschland habe ich jede Menge tolle Erinnerungen, die mich ein Leben lang begleiten werden. An dieser Stelle m\u00f6chte ich mich bedanken:<\/div>\n<div id=\"yui_3_7_2_1_1371038962263_3646\"><\/div>\n<div id=\"yui_3_7_2_1_1371038962263_3656\">&#8211; Bei meinen Kollegen, die immer mit Rat und Tat zur Seite standen und selbst den gr\u00f6\u00dften Stress ertragbar machten. \ud83d\ude42<\/div>\n<div id=\"yui_3_7_2_1_1371038962263_3657\">&#8211; Bei der Klasse 10 C, die durch ihre unglaubliche Freude am Fach Geschichte mich immer wieder begeistert hat. Macht weiter so!<\/div>\n<div id=\"yui_3_7_2_1_1371038962263_3658\">&#8211; Bei der Klasse 11 C, die ich zwar in diesem Schuljahr nicht mehr unterrichtet habe, die mir aber immer die Treue gehalten hat. \ud83d\ude09<\/div>\n<div id=\"yui_3_7_2_1_1371038962263_3659\">&#8211; Bei der Klasse 12 B, von der ich gelernt habe, dass ein Klassenzimmer der perfekte Ort zum Haare frisieren, N\u00e4gel lackieren und schminken ist. \ud83d\ude09 F\u00fcr eure Zukunft w\u00fcnsche ich euch alles Liebe und Gute!<\/div>\n<div id=\"yui_3_7_2_1_1371038962263_3660\">&#8211; Bei der Klasse 12 C, mit denen ich stets interessante Gespr\u00e4che und Diskussionen \u00fcber historische Ereignisse gef\u00fchrt habe. Ihr werdet euren Weg im Leben garantiert gehen!<\/div>\n<div id=\"yui_3_7_2_1_1371038962263_3661\">&#8211; Und nat\u00fcrlich bei &#8220;meiner&#8221; Klasse 11 B, die ich zwei Jahre lang begleiten durfte. Es war mir eine Freude euch zu unterrichten und ich bedanke mich f\u00fcr die vielen sch\u00f6nen Erlebnisse &#8211; nicht nur schulischer Art. Ihr seid ein toller Haufen!<\/div>\n<div id=\"yui_3_7_2_1_1371038962263_3662\"><\/div>\n<div id=\"yui_3_7_2_1_1371038962263_3663\">Auch wenn Abschiede immer etwas Trauriges beinhalten, so ist Bukarest zu meiner zweiten Heimat geworden, die ich im Herzen trage und garantiert wiedersehen werde!<\/div>\n<div id=\"yui_3_7_2_1_1371038962263_3664\"><\/div>\n<div id=\"yui_3_7_2_1_1371038962263_3667\">Stephanie Wirth<\/div>\n<div><\/div>\n<div><\/div>\n<div><\/div>\n<pre>Auf den folgenden Seiten k\u00f6nnen Sie das Interview mit Frau Wirth lesen.<\/pre>\n<div><\/div>\n<p><!--nextpage--><\/p>\n<div><\/div>\n<h1>Interview mit Stephanie Wirth<\/h1>\n<h5>Beschreibung meiner beruflichen Laufbahn:<\/h5>\n<p>Nachdem ich im Mai 2004 das Abitur in Meiningen\/Th\u00fcringen abgelegt habe, verschlug es mich f\u00fcr f\u00fcnf Jahre zum Studium (Deutsch und Geschichte auf Lehramt f\u00fcr Gymnasien) in die fr\u00e4nkische Weinstadt W\u00fcrzburg. Anschlie\u00dfend folgten zwei Jahre Referendariat, wobei ich eines in Landshut und eines in Dorfen verbrachte. 2011 hie\u00df die n\u00e4chste Station Bukarest, wo ich seitdem unterrichte.<\/p>\n<h5>Hobbys:<\/h5>\n<p>Reisen, reisen, reisen! Ich liebe es, neue L\u00e4nder und Kulturen kennenzulernen und versuche, so viel wie m\u00f6glich von der Welt zu sehen. Falls ich in meiner Freizeit jedoch einmal nicht im Flugzeug sitzen sollte, bin ich immer auf der Suche nach neuen, guten B\u00fcchern, telefoniere stundenlang mit Freunden oder genie\u00dfe das Wetter bei zahlreichen Spazierg\u00e4ngen &#8211; gerne auch bei -20 Grad. \ud83d\ude09<\/p>\n<h5>Haustiere:<\/h5>\n<p>Mein Hund musste traurigerweise 2011 im Alter von 18 Jahren eingeschl\u00e4fert werden und meine beruflichen Verpflichtungen hier in Bukarest lassen es nicht, ein Haustier zu halten. Das k\u00e4me deutlich zu kurz.<\/p>\n<h5>\u00dcber mich selbst:<\/h5>\n<p>Ich selbst w\u00fcrde mich als lebensfrohen und optimistischen Menschen beschreiben, der unwahrscheinlich gerne lacht. Gesteckte Ziele versuche ich stets zu erreichen. Falls mir etwas nicht passt, sage ich es offen. P\u00fcnktlichkeit ist zudem mein zweiter Vorname, sehr zum Leidwesen einiger Sch\u00fcler. \ud83d\ude09<\/p>\n<p><!--nextpage--><\/p>\n<h5>Meinung \u00fcber Rum\u00e4nien<\/h5>\n<p>Rum\u00e4nien hat mich im Sturm erobert. Ich liebe vor allem die Abwechslungen und Gegens\u00e4tze des Landes. Schon allein die Natur bietet unwahrscheinlich sch\u00f6ne Einblicke: das Donaudelta, die Moldaukl\u00f6ster, die Karpaten, Sibiu und Brasov mit ihrem ganz eigenen Charme und nat\u00fcrlich das bunte Treiben Bukarests. Diese Stadt scheint nicht zu schlafen und bietet f\u00fcr alle Interessen etwas. Einfach super!<\/p>\n<h5>Allgemeine Erwartungen an die Sch\u00fcler, wichtige Punkte f\u00fcr den Unterricht:<\/h5>\n<p>Von den Sch\u00fclern erwarte ich verschiedene Dinge: P\u00fcnktlichkeit, das zuverl\u00e4ssige Erledigen von Hausaufgaben und aktive Mitarbeit im Unterricht. St\u00e4ndiges Reden mit dem Nachbarn bringt mich hingegen auf die Palme. Wenn Sachverhalte meines Unterrichts nicht verstanden werden, erwarte ich von den Sch\u00fclern, dass sie zu mir kommen und mich direkt fragen &#8211; gerne stehe ich daf\u00fcr auch in den Pausen zur Verf\u00fcgung!<\/p>\n<h5>Projekte in der DSA:<\/h5>\n<p>Es freut mich, an verschiedenen Projekten beteilgt zu sein. Immer wieder sch\u00f6n ist es, den Austausch mit Neu-Ulm in der 10. Klasse oder die MUN-Fahrt nach Kiel f\u00fcr die 11. Klassen zu organisieren. Auch die Gestaltung des Jahrbuchs war aufregend und interessant.<\/p>\n<p style=\"text-align: right;\"><em>\u00a0Das Interview f\u00fchrte\u00a0Ana Stoean, Klasse 11 B<\/em><\/p>\n","protected":false},"excerpt":{"rendered":"<p>Liebe Sch\u00fclerinnen und Sch\u00fcler, liebe Leserinnen und Leser, nach zwei Jahren ist der Moment gekommen, wo es hei\u00dft Abschied zu nehmen. Schweren Herzens werde ich Bukarest verlassen, doch im Gep\u00e4ck nach Deutschland habe ich jede Menge tolle Erinnerungen, die mich ein Leben lang begleiten werden. An dieser Stelle m\u00f6chte ich mich bedanken: &#8211; Bei meinen [&hellip;]<\/p>\n","protected":false},"author":1,"featured_media":0,"parent":59,"menu_order":10,"comment_status":"closed","ping_status":"closed","template":"","meta":{"footnotes":""},"class_list":["post-105","page","type-page","status-publish","hentry"],"publishpress_future_action":{"enabled":false,"date":"2026-05-01 16:54:59","action":"change-status","newStatus":"draft","terms":[],"taxonomy":""},"publishpress_future_workflow_manual_trigger":{"enabledWorkflows":[]},"_links":{"self":[{"href":"https:\/\/winw.de\/dsa\/index.php?rest_route=\/wp\/v2\/pages\/105","targetHints":{"allow":["GET"]}}],"collection":[{"href":"https:\/\/winw.de\/dsa\/index.php?rest_route=\/wp\/v2\/pages"}],"about":[{"href":"https:\/\/winw.de\/dsa\/index.php?rest_route=\/wp\/v2\/types\/page"}],"author":[{"embeddable":true,"href":"https:\/\/winw.de\/dsa\/index.php?rest_route=\/wp\/v2\/users\/1"}],"replies":[{"embeddable":true,"href":"https:\/\/winw.de\/dsa\/index.php?rest_route=%2Fwp%2Fv2%2Fcomments&post=105"}],"version-history":[{"count":11,"href":"https:\/\/winw.de\/dsa\/index.php?rest_route=\/wp\/v2\/pages\/105\/revisions"}],"predecessor-version":[{"id":243,"href":"https:\/\/winw.de\/dsa\/index.php?rest_route=\/wp\/v2\/pages\/105\/revisions\/243"}],"up":[{"embeddable":true,"href":"https:\/\/winw.de\/dsa\/index.php?rest_route=\/wp\/v2\/pages\/59"}],"wp:attachment":[{"href":"https:\/\/winw.de\/dsa\/index.php?rest_route=%2Fwp%2Fv2%2Fmedia&parent=105"}],"curies":[{"name":"wp","href":"https:\/\/api.w.org\/{rel}","templated":true}]}}