{"id":1076,"date":"2014-05-08T08:31:14","date_gmt":"2014-05-08T05:31:14","guid":{"rendered":"http:\/\/winw.de\/dsa\/?page_id=1076"},"modified":"2014-09-30T15:31:21","modified_gmt":"2014-09-30T12:31:21","slug":"mun-sh-2014","status":"publish","type":"page","link":"https:\/\/winw.de\/dsa\/?page_id=1076","title":{"rendered":"MUN-SH 2014"},"content":{"rendered":"<p>Model United Nations-Schlesswig Holstein ist ein Planspiel, das die Debaten nach dem UN Muster in den verschiedenen UN Gremien simuliert. Deutsche Sch\u00fcler und Sch\u00fclerinen, die aus den deutschen Auslandschulen stammen, d\u00fcrfen daran teilnehmen und die Welt, so wie wir es wissen, reformieren.<br \/>\nDie Delegation aus Rum\u00e4nien war aus 10 Sch\u00fcler der 11.C Klasse gebildet. Nachdem sie durch beeindruckende Motivationsschreiben das Privileg, ihre L\u00e4nder zu vertreten, gewonnen haben, enthielt die rum\u00e4nische Delegation die Vertreter Kanadas, Malaysias und der Tschechischen Republik. In der Generalversamlung (GV) und in den Ausschuss des Sicherheitsrat gem\u00e4\u00df Resolution 1540 (1540) hatte die rum\u00e4nische Delegation das gr\u00f6\u00dfte Erfolg. In der GV hat Victor Mester (Malaysia) in der Debatte \u00fcber die Reform des Sicherheitsrat eine entschlie\u00dfende Rolle gespielt, wobei er in den Lobbying Phasen erfolgreich mit den anderen Delegierten gehandelt hat, so dass er das siegreiche Resolutionsentwurf vorgeschlagen und dann repr\u00e4sentiert hat. In 1540, hat sich Ghelasi Paul (Kanada) auch durchgesetzt, wobei sein Arbeitspapier auch zum Resolutionsentwurf seines Gremiums wurde. Am Ende hat die rum\u00e4nische Delegation beim Diplomatenball die Chance gehabt, wie echte Diplomaten zu feiern.<br \/>\nSchlussfolgernd kann man behaupten, dass MUN-SH eine hilfreiche und unterhaltende Lebenserfahrung war, die den rum\u00e4nischen Delegierten die Kunst der Kommunikation beigebracht hat.<\/p>\n<p>Victor Mester<br \/>\nXI.C<\/p>\n","protected":false},"excerpt":{"rendered":"<p>Model United Nations-Schlesswig Holstein ist ein Planspiel, das die Debaten nach dem UN Muster in den verschiedenen UN Gremien simuliert. Deutsche Sch\u00fcler und Sch\u00fclerinen, die aus den deutschen Auslandschulen stammen, d\u00fcrfen daran teilnehmen und die Welt, so wie wir es wissen, reformieren. Die Delegation aus Rum\u00e4nien war aus 10 Sch\u00fcler der 11.C Klasse gebildet. Nachdem [&hellip;]<\/p>\n","protected":false},"author":8,"featured_media":0,"parent":292,"menu_order":0,"comment_status":"closed","ping_status":"closed","template":"","meta":{"footnotes":""},"class_list":["post-1076","page","type-page","status-publish","hentry"],"publishpress_future_action":{"enabled":false,"date":"2026-05-01 16:55:05","action":"change-status","newStatus":"draft","terms":[],"taxonomy":""},"publishpress_future_workflow_manual_trigger":{"enabledWorkflows":[]},"_links":{"self":[{"href":"https:\/\/winw.de\/dsa\/index.php?rest_route=\/wp\/v2\/pages\/1076","targetHints":{"allow":["GET"]}}],"collection":[{"href":"https:\/\/winw.de\/dsa\/index.php?rest_route=\/wp\/v2\/pages"}],"about":[{"href":"https:\/\/winw.de\/dsa\/index.php?rest_route=\/wp\/v2\/types\/page"}],"author":[{"embeddable":true,"href":"https:\/\/winw.de\/dsa\/index.php?rest_route=\/wp\/v2\/users\/8"}],"replies":[{"embeddable":true,"href":"https:\/\/winw.de\/dsa\/index.php?rest_route=%2Fwp%2Fv2%2Fcomments&post=1076"}],"version-history":[{"count":7,"href":"https:\/\/winw.de\/dsa\/index.php?rest_route=\/wp\/v2\/pages\/1076\/revisions"}],"predecessor-version":[{"id":1222,"href":"https:\/\/winw.de\/dsa\/index.php?rest_route=\/wp\/v2\/pages\/1076\/revisions\/1222"}],"up":[{"embeddable":true,"href":"https:\/\/winw.de\/dsa\/index.php?rest_route=\/wp\/v2\/pages\/292"}],"wp:attachment":[{"href":"https:\/\/winw.de\/dsa\/index.php?rest_route=%2Fwp%2Fv2%2Fmedia&parent=1076"}],"curies":[{"name":"wp","href":"https:\/\/api.w.org\/{rel}","templated":true}]}}