{"id":1296,"date":"2014-10-28T14:47:40","date_gmt":"2014-10-28T12:47:40","guid":{"rendered":"http:\/\/winw.de\/dsa\/?page_id=1296"},"modified":"2022-03-21T10:13:32","modified_gmt":"2022-03-21T08:13:32","slug":"interact-eine-schuelerinitiative","status":"publish","type":"page","link":"https:\/\/winw.de\/dsa\/?page_id=1296","title":{"rendered":"Interact &#8211; eine Sch\u00fclerinitiative"},"content":{"rendered":"<p style=\"text-align: center;\"><a href=\"http:\/\/winw.de\/dsa\/wp-content\/uploads\/10982466_1075822369111464_2119116311375375359_n1.png\"><img loading=\"lazy\" decoding=\"async\" class=\"wp-image-1642 aligncenter\" src=\"http:\/\/winw.de\/dsa\/wp-content\/uploads\/10982466_1075822369111464_2119116311375375359_n1-300x130.png\" alt=\"10982466_1075822369111464_2119116311375375359_n\" width=\"353\" height=\"153\" srcset=\"https:\/\/winw.de\/dsa\/wp-content\/uploads\/10982466_1075822369111464_2119116311375375359_n1-300x130.png 300w, https:\/\/winw.de\/dsa\/wp-content\/uploads\/10982466_1075822369111464_2119116311375375359_n1.png 679w\" sizes=\"auto, (max-width: 353px) 100vw, 353px\" \/><\/a><\/p>\n<p style=\"text-align: justify;\">Du hast sicherlich schon einmal vom Full Moon Charity Ball und von der Game Night geh\u00f6rt oder einfach an der Schulanfangszeremonie teilgenommen. Da hast du ohne Zweifel auch Interact kennengelernt. Vielleicht war es zum ersten Mal, vielleicht wusstest du schon etwas dar\u00fcber, aber gr\u00fcndliche Informationen sind schwer zu bekommen.<\/p>\n<p style=\"text-align: justify;\"><strong>Was ist eigentlich Interact? Womit besch\u00e4ftigt es sich?<br \/><\/strong>Interact ist ein Wohlt\u00e4tigkeitsverein, der aus Sch\u00fcler bis 18 Jahre gebildet ist. Unser Club hei\u00dft Interact Goethe &#8211; Curtea Veche, ein Zweig des NGOs Rotary International, und hat Mitglieder aus der 9. bis der 12. Klasse.<\/p>\n<p style=\"text-align: justify;\">Wir besch\u00e4ftigen uns mit Wohlt\u00e4tigkeitsveranstaltungen zugunsten der Gemeinschaft und organisieren Spendenaktionen um den Bed\u00fcrftigen zu helfen. Wir finanzieren das mit dem Geld, das wir aus &#8220;Feldz\u00fcgen&#8221; sammeln, indem wir den Leuten\u00a0\u00fcber uns und unsere Ziele erz\u00e4hlen.<\/p>\n<p style=\"text-align: justify;\"><strong>Full Moon Charity Ball<br \/><\/strong>Full<strong>\u00a0<\/strong>Moon Charity Ball ist einigerma\u00dfen eine\u00a0Tradition geworden. Das Event hatte schon drei\u00a0&#8220;Ausgaben&#8221;, mit \u00fcber 350\u00a0G\u00e4ste aus verschiedenen Schulen jeweils, die mit Konzerten ber\u00fchmter S\u00e4nger, Talent-shows und sogar eine Schaum-party unterhalten wurden. Das gesammelte Geld wurde f\u00fcr das Projekt &#8220;Camera cu Pove\u015fti&#8221; gespendet. Das Projekt besteht darin, ein Zimmer in verschiedenen Krankenh\u00e4usern zu erstellen, wo den schwer kranken, ins Krankenhaus eingewiesenen Kindern Geschichten erz\u00e4hlt werden.<\/p>\n<p>\u00a0<\/p>\n\n\n<div class=\"wp-block-buttons is-layout-flex wp-block-buttons-is-layout-flex\">\n<div class=\"wp-block-button aligncenter\"><a class=\"wp-block-button__link\" href=\"https:\/\/www.instagram.com\/interactgoethe\/\" target=\"_blank\" rel=\"noreferrer noopener\">Aktuelle Informationen zu Projekten<\/a><\/div>\n<\/div>\n","protected":false},"excerpt":{"rendered":"<p>Du hast sicherlich schon einmal vom Full Moon Charity Ball und von der Game Night geh\u00f6rt oder einfach an der Schulanfangszeremonie teilgenommen. Da hast du ohne Zweifel auch Interact kennengelernt. Vielleicht war es zum ersten Mal, vielleicht wusstest du schon etwas dar\u00fcber, aber gr\u00fcndliche Informationen sind schwer zu bekommen. Was ist eigentlich Interact? Womit besch\u00e4ftigt [&hellip;]<\/p>\n","protected":false},"author":22,"featured_media":0,"parent":0,"menu_order":0,"comment_status":"closed","ping_status":"closed","template":"","meta":{"footnotes":""},"class_list":["post-1296","page","type-page","status-publish","hentry"],"publishpress_future_action":{"enabled":false,"date":"2026-05-01 15:19:37","action":"change-status","newStatus":"draft","terms":[],"taxonomy":""},"publishpress_future_workflow_manual_trigger":{"enabledWorkflows":[]},"_links":{"self":[{"href":"https:\/\/winw.de\/dsa\/index.php?rest_route=\/wp\/v2\/pages\/1296","targetHints":{"allow":["GET"]}}],"collection":[{"href":"https:\/\/winw.de\/dsa\/index.php?rest_route=\/wp\/v2\/pages"}],"about":[{"href":"https:\/\/winw.de\/dsa\/index.php?rest_route=\/wp\/v2\/types\/page"}],"author":[{"embeddable":true,"href":"https:\/\/winw.de\/dsa\/index.php?rest_route=\/wp\/v2\/users\/22"}],"replies":[{"embeddable":true,"href":"https:\/\/winw.de\/dsa\/index.php?rest_route=%2Fwp%2Fv2%2Fcomments&post=1296"}],"version-history":[{"count":11,"href":"https:\/\/winw.de\/dsa\/index.php?rest_route=\/wp\/v2\/pages\/1296\/revisions"}],"predecessor-version":[{"id":4069,"href":"https:\/\/winw.de\/dsa\/index.php?rest_route=\/wp\/v2\/pages\/1296\/revisions\/4069"}],"wp:attachment":[{"href":"https:\/\/winw.de\/dsa\/index.php?rest_route=%2Fwp%2Fv2%2Fmedia&parent=1296"}],"curies":[{"name":"wp","href":"https:\/\/api.w.org\/{rel}","templated":true}]}}