{"id":1358,"date":"2014-11-18T14:23:19","date_gmt":"2014-11-18T12:23:19","guid":{"rendered":"http:\/\/winw.de\/dsa\/?page_id=1358"},"modified":"2014-11-19T16:11:21","modified_gmt":"2014-11-19T14:11:21","slug":"berufsorientierung-herr-mustata","status":"publish","type":"page","link":"https:\/\/winw.de\/dsa\/?page_id=1358","title":{"rendered":"Berufsorientierung &#8211; Herr Mustata"},"content":{"rendered":"<p style=\"text-align: left;\">Am 3. November 2014 fand um 15 Uhr im Konferenzraum eine Veranstaltung zur Berufsorientierung statt, an dem Sch\u00fcler der 10. und 11. Klassen teilgenommen haben.<\/p>\n<p style=\"text-align: left;\">Herr Dr. Ing. Psyh. Cristian Musta\u021b\u0103 von der &#8220;Politehnica&#8221; Universit\u00e4t Bukarest (UPB) und die DAAD Lektorin Petra L\u00f6ffler haben mit uns einen interaktiven Gespr\u00e4ch zum Thema berufliche Auswahl gef\u00fchrt. Dabei haben wir auch einen informativen Vortrag\u00a0\u00fcber die deutschen Studieng\u00e4nge an der UPB und die Stipendienm\u00f6glichkeiten der DAAD geh\u00f6rt.<\/p>\n<p style=\"text-align: left;\">Wir bedanken uns herzlich bei Herr Cristian Musta\u021b\u0103, Frau\u00a0Petra L\u00f6ffler,\u00a0Frau Sibylle Mann und Frau Marie K\u00e4ufer\u00a0f\u00fcr die Gestaltung und das Interesse an unserer Zukunft.<\/p>\n<p style=\"text-align: left;\">\n<p style=\"text-align: right;\">Ioana Musat und Maria Teodorescu 11C<\/p>\n","protected":false},"excerpt":{"rendered":"<p>Am 3. November 2014 fand um 15 Uhr im Konferenzraum eine Veranstaltung zur Berufsorientierung statt, an dem Sch\u00fcler der 10. und 11. Klassen teilgenommen haben. Herr Dr. Ing. Psyh. Cristian Musta\u021b\u0103 von der &#8220;Politehnica&#8221; Universit\u00e4t Bukarest (UPB) und die DAAD Lektorin Petra L\u00f6ffler haben mit uns einen interaktiven Gespr\u00e4ch zum Thema berufliche Auswahl gef\u00fchrt. Dabei [&hellip;]<\/p>\n","protected":false},"author":15,"featured_media":0,"parent":905,"menu_order":0,"comment_status":"closed","ping_status":"closed","template":"","meta":{"footnotes":""},"class_list":["post-1358","page","type-page","status-publish","hentry"],"publishpress_future_action":{"enabled":false,"date":"2026-05-01 15:19:37","action":"change-status","newStatus":"draft","terms":[],"taxonomy":""},"publishpress_future_workflow_manual_trigger":{"enabledWorkflows":[]},"_links":{"self":[{"href":"https:\/\/winw.de\/dsa\/index.php?rest_route=\/wp\/v2\/pages\/1358","targetHints":{"allow":["GET"]}}],"collection":[{"href":"https:\/\/winw.de\/dsa\/index.php?rest_route=\/wp\/v2\/pages"}],"about":[{"href":"https:\/\/winw.de\/dsa\/index.php?rest_route=\/wp\/v2\/types\/page"}],"author":[{"embeddable":true,"href":"https:\/\/winw.de\/dsa\/index.php?rest_route=\/wp\/v2\/users\/15"}],"replies":[{"embeddable":true,"href":"https:\/\/winw.de\/dsa\/index.php?rest_route=%2Fwp%2Fv2%2Fcomments&post=1358"}],"version-history":[{"count":4,"href":"https:\/\/winw.de\/dsa\/index.php?rest_route=\/wp\/v2\/pages\/1358\/revisions"}],"predecessor-version":[{"id":1389,"href":"https:\/\/winw.de\/dsa\/index.php?rest_route=\/wp\/v2\/pages\/1358\/revisions\/1389"}],"up":[{"embeddable":true,"href":"https:\/\/winw.de\/dsa\/index.php?rest_route=\/wp\/v2\/pages\/905"}],"wp:attachment":[{"href":"https:\/\/winw.de\/dsa\/index.php?rest_route=%2Fwp%2Fv2%2Fmedia&parent=1358"}],"curies":[{"name":"wp","href":"https:\/\/api.w.org\/{rel}","templated":true}]}}