{"id":1373,"date":"2014-11-18T14:44:44","date_gmt":"2014-11-18T12:44:44","guid":{"rendered":"http:\/\/winw.de\/dsa\/?page_id=1373"},"modified":"2014-11-18T14:44:44","modified_gmt":"2014-11-18T12:44:44","slug":"konferenz-weltall-die-letzte-grenze","status":"publish","type":"page","link":"https:\/\/winw.de\/dsa\/?page_id=1373","title":{"rendered":"Konferenz  \u201eWeltall &#8211; Die letzte Grenze\u201d"},"content":{"rendered":"<p style=\"text-align: left;\"><a href=\"http:\/\/winw.de\/dsa\/wp-content\/uploads\/abdf.png\"><img loading=\"lazy\" decoding=\"async\" alt=\"\" src=\"http:\/\/winw.de\/dsa\/wp-content\/uploads\/abdf.png\" width=\"104\" height=\"157\" \/><\/a><\/p>\n<p>Konferenz\u00a0 \u201eWeltall &#8211; Die letzte Grenze\u201d<\/p>\n<p>Am 25. September 2014 fand die Konferenz \u201eWeltall &#8211; Die letzte Grenze\u201d an der Universit\u00e4t f\u00fcr Rechtswissenschaften in Bukarest statt. Ich wollte diese Gelegenheit nicht verpassen, einen richtigen NASA-Piloten pers\u00f6nlich zu treffen. Folglich befand ich mich unter den Teilnehmern bei dieser Veranstaltung, als Repr\u00e4sentant des Goethe \u2013 Kollegs, auf die Initiative der Physiklehrerin, Frau Condrache, hin.<\/p>\n<p>Mit dabei waren mehrere Wissenschaftler der ESA (Europ\u00e4ische Weltraumorganisation),\u00a0 der NASA (Nationale Luft- und Raumfahrtbeh\u00f6rde) und rum\u00e4nische Weltraum- und Physikinstitute. Zu Beginn gab es einen Vortrag \u00fcber k\u00fcnstliche Satelliten und wie sie uns helfen unseren Planeten, die Erde, besser kennen zu lernen und zu verstehen. Anschlie\u00dfend wurde ein Vortrag \u00fcber die Entstehung des Universums und \u00fcber die Methoden, mit denen man das Weltall misst, vorgestellt. Auf dieser Veranstaltung war auch der ehemalige NASA-Pilot, Dr. David Hilmers, anwesend, der uns etwas \u00fcber seine Raumfahrterfahrungen erz\u00e4hlt hat. Danach hatte ich die Chance ihm Fragen zu stellen. Lesen sie weiter im n\u00e4chsten Jahrbuch 2014\/15 der DSA.<\/p>\n<p>Es hat mir gefallen, dass die Konferenzteilnehmer insgesamt sehr ernst auf unsere Fragen eingegangen sind.<\/p>\n<p>Teodor Teleag\u0103 (10C)<\/p>\n<p>&nbsp;<\/p>\n<p>&nbsp;<\/p>\n<p>&nbsp;<\/p>\n","protected":false},"excerpt":{"rendered":"<p>Konferenz\u00a0 \u201eWeltall &#8211; Die letzte Grenze\u201d Am 25. September 2014 fand die Konferenz \u201eWeltall &#8211; Die letzte Grenze\u201d an der Universit\u00e4t f\u00fcr Rechtswissenschaften in Bukarest statt. Ich wollte diese Gelegenheit nicht verpassen, einen richtigen NASA-Piloten pers\u00f6nlich zu treffen. Folglich befand ich mich unter den Teilnehmern bei dieser Veranstaltung, als Repr\u00e4sentant des Goethe \u2013 Kollegs, auf [&hellip;]<\/p>\n","protected":false},"author":21,"featured_media":0,"parent":0,"menu_order":0,"comment_status":"closed","ping_status":"closed","template":"","meta":{"footnotes":""},"class_list":["post-1373","page","type-page","status-publish","hentry"],"publishpress_future_action":{"enabled":false,"date":"2026-05-01 15:18:18","action":"change-status","newStatus":"draft","terms":[],"taxonomy":""},"publishpress_future_workflow_manual_trigger":{"enabledWorkflows":[]},"_links":{"self":[{"href":"https:\/\/winw.de\/dsa\/index.php?rest_route=\/wp\/v2\/pages\/1373","targetHints":{"allow":["GET"]}}],"collection":[{"href":"https:\/\/winw.de\/dsa\/index.php?rest_route=\/wp\/v2\/pages"}],"about":[{"href":"https:\/\/winw.de\/dsa\/index.php?rest_route=\/wp\/v2\/types\/page"}],"author":[{"embeddable":true,"href":"https:\/\/winw.de\/dsa\/index.php?rest_route=\/wp\/v2\/users\/21"}],"replies":[{"embeddable":true,"href":"https:\/\/winw.de\/dsa\/index.php?rest_route=%2Fwp%2Fv2%2Fcomments&post=1373"}],"version-history":[{"count":1,"href":"https:\/\/winw.de\/dsa\/index.php?rest_route=\/wp\/v2\/pages\/1373\/revisions"}],"predecessor-version":[{"id":1376,"href":"https:\/\/winw.de\/dsa\/index.php?rest_route=\/wp\/v2\/pages\/1373\/revisions\/1376"}],"wp:attachment":[{"href":"https:\/\/winw.de\/dsa\/index.php?rest_route=%2Fwp%2Fv2%2Fmedia&parent=1373"}],"curies":[{"name":"wp","href":"https:\/\/api.w.org\/{rel}","templated":true}]}}