{"id":140,"date":"2012-09-10T11:03:18","date_gmt":"2012-09-10T08:03:18","guid":{"rendered":"http:\/\/winw.de\/dsa\/?page_id=140"},"modified":"2022-03-28T10:55:20","modified_gmt":"2022-03-28T07:55:20","slug":"projekte","status":"publish","type":"page","link":"https:\/\/winw.de\/dsa\/?page_id=140","title":{"rendered":"Projekte"},"content":{"rendered":"<p>Auch dieses Jahr gibt es wieder Sch\u00fcler unserer Abteilung, die am Projekt &#8220;<a title=\"Model United Nations\" href=\"http:\/\/winw.de\/dsa\/?page_id=3863\">Model United Nations<\/a>&#8221; (MUN) teilnehmen. (N\u00e4here Informationen: Herr Schumacher)<\/p>\n<p>\u00a0<\/p>\n<p><a href=\"http:\/\/winw.de\/dsa\/?page_id=1296\">Interact<\/a> ist ein Wohlt\u00e4tigkeitsverein, der aus Sch\u00fclern bis 18 Jahre gebildet ist. Unser Club hei\u00dft Interact Goethe \u2013 Curtea Veche, ein Zweig des NGOs Rotary International, und hat Mitglieder aus der 9. bis der 12. Klasse.<\/p>\n<p>\u00a0<\/p>\n<p>Klassen\u00fcbergreifend nehmen jedes Jahr viele Jugendliche aus unserer Abteilung erfolgreich an verschiedenen Sch\u00fclerwettbewerben teil.\u00a0<\/p>\n<p>Lesen Sie dazu auch:<\/p>\n\n\n<div class=\"wp-block-group\"><div class=\"wp-block-group__inner-container is-layout-flow wp-block-group-is-layout-flow\">\n<div class=\"wp-block-columns is-layout-flex wp-container-core-columns-is-layout-9d6595d7 wp-block-columns-is-layout-flex\">\n<div class=\"wp-block-column is-layout-flow wp-block-column-is-layout-flow\" style=\"flex-basis:100%\">\n<figure class=\"wp-block-embed is-type-wp-embed is-provider-goethe-kolleg-bukarest wp-block-embed-goethe-kolleg-bukarest\"><div class=\"wp-block-embed__wrapper\">\n<blockquote class=\"wp-embedded-content\" data-secret=\"KIkYeBAWh4\"><a href=\"http:\/\/winw.de\/dsa\/?p=3845\">Gro\u00dfer Erfolg von Ana Duguleanu beim Deutschen Bundeswettbewerb Mathematik!<\/a><\/blockquote><iframe loading=\"lazy\" class=\"wp-embedded-content\" sandbox=\"allow-scripts\" security=\"restricted\" style=\"position: absolute; clip: rect(1px, 1px, 1px, 1px);\" title=\"&#8222;Gro\u00dfer Erfolg von Ana Duguleanu beim Deutschen Bundeswettbewerb Mathematik!&#8220; &#8212; Goethe-Kolleg Bukarest\" src=\"http:\/\/winw.de\/dsa\/?p=3845&#038;embed=true#?secret=sWTlGot2bJ#?secret=KIkYeBAWh4\" data-secret=\"KIkYeBAWh4\" width=\"550\" height=\"310\" frameborder=\"0\" marginwidth=\"0\" marginheight=\"0\" scrolling=\"no\"><\/iframe>\n<\/div><\/figure>\n<\/div>\n<\/div>\n<\/div><\/div>\n\n\n\n<div class=\"wp-block-columns has-cyan-bluish-gray-color has-text-color is-layout-flex wp-container-core-columns-is-layout-9d6595d7 wp-block-columns-is-layout-flex\">\n<div class=\"wp-block-column is-layout-flow wp-block-column-is-layout-flow\" style=\"flex-basis:50%\">\n<figure class=\"wp-block-embed is-type-wp-embed is-provider-goethe-kolleg-bukarest wp-block-embed-goethe-kolleg-bukarest\"><div class=\"wp-block-embed__wrapper\">\n<blockquote class=\"wp-embedded-content\" data-secret=\"wQvCW2lvvj\"><a href=\"http:\/\/winw.de\/dsa\/?p=3969\">Ein neuer Wettbewerb am Colegiul German Goethe! &#8211; \u201eJugend pr\u00e4sentiert\u201c 2022<\/a><\/blockquote><iframe loading=\"lazy\" class=\"wp-embedded-content\" sandbox=\"allow-scripts\" security=\"restricted\" style=\"position: absolute; clip: rect(1px, 1px, 1px, 1px);\" title=\"&#8222;Ein neuer Wettbewerb am Colegiul German Goethe! &#8211; \u201eJugend pr\u00e4sentiert\u201c 2022&#8220; &#8212; Goethe-Kolleg Bukarest\" src=\"http:\/\/winw.de\/dsa\/?p=3969&#038;embed=true#?secret=ArabSxSO94#?secret=wQvCW2lvvj\" data-secret=\"wQvCW2lvvj\" width=\"550\" height=\"310\" frameborder=\"0\" marginwidth=\"0\" marginheight=\"0\" scrolling=\"no\"><\/iframe>\n<\/div><\/figure>\n<\/div>\n\n\n\n<div class=\"wp-block-column is-layout-flow wp-block-column-is-layout-flow\" style=\"flex-basis:50%\">\n<figure class=\"wp-block-embed is-type-wp-embed is-provider-goethe-kolleg-bukarest wp-block-embed-goethe-kolleg-bukarest\"><div class=\"wp-block-embed__wrapper\">\n<blockquote class=\"wp-embedded-content\" data-secret=\"upXNByHT0m\"><a href=\"http:\/\/winw.de\/dsa\/?p=3991\">Herausragender Erfolg beim Sch\u00fclerInnen-Wettbewerb Matheim Advent 2021<\/a><\/blockquote><iframe loading=\"lazy\" class=\"wp-embedded-content\" sandbox=\"allow-scripts\" security=\"restricted\" style=\"position: absolute; clip: rect(1px, 1px, 1px, 1px);\" title=\"&#8222;Herausragender Erfolg beim Sch\u00fclerInnen-Wettbewerb Mathe&lt;br&gt;im Advent 2021&#8220; &#8212; Goethe-Kolleg Bukarest\" src=\"http:\/\/winw.de\/dsa\/?p=3991&#038;embed=true#?secret=7o1PbF0JZQ#?secret=upXNByHT0m\" data-secret=\"upXNByHT0m\" width=\"550\" height=\"310\" frameborder=\"0\" marginwidth=\"0\" marginheight=\"0\" scrolling=\"no\"><\/iframe>\n<\/div><\/figure>\n<\/div>\n<\/div>\n\n\n\n<div class=\"wp-block-columns is-layout-flex wp-container-core-columns-is-layout-9d6595d7 wp-block-columns-is-layout-flex\">\n<div class=\"wp-block-column is-layout-flow wp-block-column-is-layout-flow\" style=\"flex-basis:100%\"><\/div>\n<\/div>\n","protected":false},"excerpt":{"rendered":"<p>Auch dieses Jahr gibt es wieder Sch\u00fcler unserer Abteilung, die am Projekt &#8220;Model United Nations&#8221; (MUN) teilnehmen. (N\u00e4here Informationen: Herr Schumacher) \u00a0 Interact ist ein Wohlt\u00e4tigkeitsverein, der aus Sch\u00fclern bis 18 Jahre gebildet ist. Unser Club hei\u00dft Interact Goethe \u2013 Curtea Veche, ein Zweig des NGOs Rotary International, und hat Mitglieder aus der 9. bis [&hellip;]<\/p>\n","protected":false},"author":1,"featured_media":0,"parent":55,"menu_order":0,"comment_status":"closed","ping_status":"closed","template":"","meta":{"footnotes":""},"class_list":["post-140","page","type-page","status-publish","hentry"],"publishpress_future_action":{"enabled":false,"date":"2026-05-01 15:18:07","action":"change-status","newStatus":"draft","terms":[],"taxonomy":""},"publishpress_future_workflow_manual_trigger":{"enabledWorkflows":[]},"_links":{"self":[{"href":"https:\/\/winw.de\/dsa\/index.php?rest_route=\/wp\/v2\/pages\/140","targetHints":{"allow":["GET"]}}],"collection":[{"href":"https:\/\/winw.de\/dsa\/index.php?rest_route=\/wp\/v2\/pages"}],"about":[{"href":"https:\/\/winw.de\/dsa\/index.php?rest_route=\/wp\/v2\/types\/page"}],"author":[{"embeddable":true,"href":"https:\/\/winw.de\/dsa\/index.php?rest_route=\/wp\/v2\/users\/1"}],"replies":[{"embeddable":true,"href":"https:\/\/winw.de\/dsa\/index.php?rest_route=%2Fwp%2Fv2%2Fcomments&post=140"}],"version-history":[{"count":22,"href":"https:\/\/winw.de\/dsa\/index.php?rest_route=\/wp\/v2\/pages\/140\/revisions"}],"predecessor-version":[{"id":4082,"href":"https:\/\/winw.de\/dsa\/index.php?rest_route=\/wp\/v2\/pages\/140\/revisions\/4082"}],"up":[{"embeddable":true,"href":"https:\/\/winw.de\/dsa\/index.php?rest_route=\/wp\/v2\/pages\/55"}],"wp:attachment":[{"href":"https:\/\/winw.de\/dsa\/index.php?rest_route=%2Fwp%2Fv2%2Fmedia&parent=140"}],"curies":[{"name":"wp","href":"https:\/\/api.w.org\/{rel}","templated":true}]}}