{"id":151,"date":"2012-09-10T11:28:17","date_gmt":"2012-09-10T08:28:17","guid":{"rendered":"http:\/\/winw.de\/dsa\/?page_id=151"},"modified":"2013-11-28T08:45:06","modified_gmt":"2013-11-28T06:45:06","slug":"schulgeschichte","status":"publish","type":"page","link":"https:\/\/winw.de\/dsa\/?page_id=151","title":{"rendered":"Schulgeschichte"},"content":{"rendered":"<div align=\"justify\">\n<p>Das Deutsche Goethe-Kolleg Bukarest, das sich auf der Cihoschi-Stra\u00dfe Nummer 17 befindet, hat eine beeindruckende Geschichte von \u00fcber 200 Jahren. Sie beginnt am Anfang des Jahres 1751, als in dem Pfarrhaus aus dem Stejarilor-Viertel (die heutige Lutheranische Stra\u00dfe) die Schule der evangelischen Gemeinschaft von dem Lehrer Peter Roth gegr\u00fcndet wird.<\/p>\n<p><img loading=\"lazy\" decoding=\"async\" class=\"size-full wp-image-853 alignleft\" alt=\"cladirea veche\" src=\"http:\/\/winw.de\/dsa\/wp-content\/uploads\/cladirea-veche.jpg\" width=\"300\" height=\"216\" \/><\/p>\n<p>Der Unterricht wird in deutscher Sprache abgehalten. W\u00e4hrend der Anf\u00e4nge findet er koedukativ statt, jedoch gibt es in der Geschichte der Schule auch l\u00e4ngere Phasen, in denen die Jungen und M\u00e4dchen getrennt unterrichtet werden, wie zum Beispiel im Jahr 1855.<\/p>\n<div align=\"justify\">Die Schule zieht 1866 in ein neues, mit der Unterst\u00fczung\u00a0des Ministeriums f\u00fcr religi\u00f6se Angelegenheiten gebauten Geb\u00e4udes in die Lutheranischen Stra\u00dfe.<\/div>\n<p>Auf Grund der politischen Entwicklungen nach dem Zweiten Weltkrieg trennt sie sich allerdings 1948 von der evangelischen Kirche und wird zum Staatseigentum.<\/p>\n<div align=\"justify\">Das n\u00e4chste bedeutende Jahr markiert 1956, als die Annerkennung als Bildungsinstitution unter dem Namen <em>Schule Nummer 21<\/em>, sp\u00e4ter <em>Lyzeum Nr.21<\/em> stattfindet.<\/div>\n<p>Kurz darauf, 1959, zieht die Schule in die Nuferilor-Stra\u00dfe, dann auch 1973 in die Cihoschi-Stra\u00dfe. 1976 wird sie schlie\u00dflich unter dem Namen <em>Real-humanistisches Lyzeum Nr.3<\/em> bekannt, 1977 hei\u00dft sie <em>Lyzeum f\u00fcr Mathematik-Physik Nr.6<\/em>, um dann 1982 ihr Profil zu wechseln und sich <em>Industrielles Lyzeum Nr.34<\/em> zu nennen.<\/p>\n<\/div>\n<p>Nach der Freiheit, die uns das Jahrt 1989 bescherte, kehrt die Schule zu ihrer theoretischen Tradition zur\u00fcck. Im Jahr 1990\/91 w\u00e4hlt sie sich den Namen <em>Theoretisches Lyzeum Hermann Oberth<\/em>, wobei sie ihre Position als zur deutschen Gemeinschaft geh\u00f6rende Schule st\u00e4rkt.<\/p>\n<p>Heutzutage ist die Schule als<em> Deutsches Goethe-Kolleg<\/em> bekannt, eine Schule, die ihre besondere Ausstrahlung, die sie sich in dem rum\u00e4nischen Erziehungssystem gebildet hat, immer noch beh\u00e4lt.<\/p>\n<p>&nbsp;<\/p>\n<div align=\"right\">Quelle: <a href=\"http:\/\/www.colegiulgoethe.ro\/ro\/istoric\">http:\/\/www.colegiulgoethe.ro\/ro\/istoric<\/a><\/div>\n","protected":false},"excerpt":{"rendered":"<p>Das Deutsche Goethe-Kolleg Bukarest, das sich auf der Cihoschi-Stra\u00dfe Nummer 17 befindet, hat eine beeindruckende Geschichte von \u00fcber 200 Jahren. Sie beginnt am Anfang des Jahres 1751, als in dem Pfarrhaus aus dem Stejarilor-Viertel (die heutige Lutheranische Stra\u00dfe) die Schule der evangelischen Gemeinschaft von dem Lehrer Peter Roth gegr\u00fcndet wird. Der Unterricht wird in deutscher [&hellip;]<\/p>\n","protected":false},"author":1,"featured_media":0,"parent":57,"menu_order":0,"comment_status":"closed","ping_status":"closed","template":"","meta":{"footnotes":""},"class_list":["post-151","page","type-page","status-publish","hentry"],"publishpress_future_action":{"enabled":false,"date":"2026-05-01 16:45:10","action":"change-status","newStatus":"draft","terms":[],"taxonomy":""},"publishpress_future_workflow_manual_trigger":{"enabledWorkflows":[]},"_links":{"self":[{"href":"https:\/\/winw.de\/dsa\/index.php?rest_route=\/wp\/v2\/pages\/151","targetHints":{"allow":["GET"]}}],"collection":[{"href":"https:\/\/winw.de\/dsa\/index.php?rest_route=\/wp\/v2\/pages"}],"about":[{"href":"https:\/\/winw.de\/dsa\/index.php?rest_route=\/wp\/v2\/types\/page"}],"author":[{"embeddable":true,"href":"https:\/\/winw.de\/dsa\/index.php?rest_route=\/wp\/v2\/users\/1"}],"replies":[{"embeddable":true,"href":"https:\/\/winw.de\/dsa\/index.php?rest_route=%2Fwp%2Fv2%2Fcomments&post=151"}],"version-history":[{"count":22,"href":"https:\/\/winw.de\/dsa\/index.php?rest_route=\/wp\/v2\/pages\/151\/revisions"}],"predecessor-version":[{"id":923,"href":"https:\/\/winw.de\/dsa\/index.php?rest_route=\/wp\/v2\/pages\/151\/revisions\/923"}],"up":[{"embeddable":true,"href":"https:\/\/winw.de\/dsa\/index.php?rest_route=\/wp\/v2\/pages\/57"}],"wp:attachment":[{"href":"https:\/\/winw.de\/dsa\/index.php?rest_route=%2Fwp%2Fv2%2Fmedia&parent=151"}],"curies":[{"name":"wp","href":"https:\/\/api.w.org\/{rel}","templated":true}]}}