{"id":1646,"date":"2015-04-27T18:39:23","date_gmt":"2015-04-27T15:39:23","guid":{"rendered":"http:\/\/winw.de\/dsa\/?page_id=1646"},"modified":"2015-04-27T18:40:41","modified_gmt":"2015-04-27T15:40:41","slug":"informationsverantaltung-fuer-die-8-klasse","status":"publish","type":"page","link":"https:\/\/winw.de\/dsa\/?page_id=1646","title":{"rendered":"Informationsveranstaltung f\u00fcr die 8. Klasse"},"content":{"rendered":"<p>An diesem Mittwoch, den 29.04., findet um 15 Uhr im Saal 30 eine Informationsveranstaltung f\u00fcr die 8. Klasse statt, die als Ziel hat, den Sch\u00fclern \u00fcber das Leben und Lernen an der deutschen Spezialabteilung Bescheid zu geben.<br \/>\nAn der Veranstaltung werden auch Sara Buzatu und Alexandru Balotescu (Coco) aus der 11. Klasse teilnehmen, damit sie unseren zuk\u00fcnftigen Spezialkollegen ein paar Insides und Meinungen mitteilen.<\/p>\n","protected":false},"excerpt":{"rendered":"<p>An diesem Mittwoch, den 29.04., findet um 15 Uhr im Saal 30 eine Informationsveranstaltung f\u00fcr die 8. Klasse statt, die als Ziel hat, den Sch\u00fclern \u00fcber das Leben und Lernen an der deutschen Spezialabteilung Bescheid zu geben. An der Veranstaltung werden auch Sara Buzatu und Alexandru Balotescu (Coco) aus der 11. Klasse teilnehmen, damit sie [&hellip;]<\/p>\n","protected":false},"author":10,"featured_media":0,"parent":0,"menu_order":0,"comment_status":"closed","ping_status":"closed","template":"","meta":{"footnotes":""},"class_list":["post-1646","page","type-page","status-publish","hentry"],"publishpress_future_action":{"enabled":false,"date":"2026-05-01 15:18:34","action":"change-status","newStatus":"draft","terms":[],"taxonomy":""},"publishpress_future_workflow_manual_trigger":{"enabledWorkflows":[]},"_links":{"self":[{"href":"https:\/\/winw.de\/dsa\/index.php?rest_route=\/wp\/v2\/pages\/1646","targetHints":{"allow":["GET"]}}],"collection":[{"href":"https:\/\/winw.de\/dsa\/index.php?rest_route=\/wp\/v2\/pages"}],"about":[{"href":"https:\/\/winw.de\/dsa\/index.php?rest_route=\/wp\/v2\/types\/page"}],"author":[{"embeddable":true,"href":"https:\/\/winw.de\/dsa\/index.php?rest_route=\/wp\/v2\/users\/10"}],"replies":[{"embeddable":true,"href":"https:\/\/winw.de\/dsa\/index.php?rest_route=%2Fwp%2Fv2%2Fcomments&post=1646"}],"version-history":[{"count":2,"href":"https:\/\/winw.de\/dsa\/index.php?rest_route=\/wp\/v2\/pages\/1646\/revisions"}],"predecessor-version":[{"id":1651,"href":"https:\/\/winw.de\/dsa\/index.php?rest_route=\/wp\/v2\/pages\/1646\/revisions\/1651"}],"wp:attachment":[{"href":"https:\/\/winw.de\/dsa\/index.php?rest_route=%2Fwp%2Fv2%2Fmedia&parent=1646"}],"curies":[{"name":"wp","href":"https:\/\/api.w.org\/{rel}","templated":true}]}}