{"id":1795,"date":"2015-11-03T14:57:58","date_gmt":"2015-11-03T12:57:58","guid":{"rendered":"http:\/\/winw.de\/dsa\/?page_id=1795"},"modified":"2015-11-11T21:35:47","modified_gmt":"2015-11-11T19:35:47","slug":"auflug-predeal-11c-12c-oktober-2015","status":"publish","type":"page","link":"https:\/\/winw.de\/dsa\/?page_id=1795","title":{"rendered":"Ausflug Predeal 11C + 12C (Oktober 2015)"},"content":{"rendered":"<p><span style=\"text-decoration: underline\">Ausflug nach Predeal<\/span><\/p>\n<p>Endlich kam es zu einem sehr gew\u00fcnschten gemeinsamen Ausflug der Klassen 11 und 12 C nach Predeal. Das Wetter versuchte unsere Stimmung zu verderben, was sie aber nicht geschafft hat, denn wir haben uns im Voraus mit gute Laune bewaffnet, also mit warme Regenjaken und Pullis. Drei Tagen dauerte unserer Aufenthalt. Am ersten Tag, da wir am Abend kamen, gab es nur Ausruhen und Gespr\u00e4che. Am zweiten Tag began es aber wie ein richtiges Miniferien auszusehen. Wir sind im Brasov zum Aventura Park gefahren, wo jeder seine Klettererfahrungen messen konnte und versuchen den schwersten Weg zu klettern, den schwarzen. Nach diese schwei\u00dferregende Erfahrung sind wir alle im Zentrum Brasov\u2019s gegangen, wo wir satt a\u00dfen. Am haben wir uns zu Spiele und Filme getroffen. Am n\u00e4chsten Tag gab es f\u00fcr die richtig tapferen ein 10 Kilometer-langes Wander bis nach Susai-H\u00fctte, wo gegessen wurde. Die frische Luft auf dem Nachweg hat schlie\u00dflich f\u00fcr viele von uns einen guten Zugschlaf auf dem Nachweg vorbereitet, was mit unseren traurigen Treffen mit Bukarest endete.<\/p>\n<p>Teodor Teleag\u0103 11-C<\/p>\n","protected":false},"excerpt":{"rendered":"<p>Ausflug nach Predeal Endlich kam es zu einem sehr gew\u00fcnschten gemeinsamen Ausflug der Klassen 11 und 12 C nach Predeal. Das Wetter versuchte unsere Stimmung zu verderben, was sie aber nicht geschafft hat, denn wir haben uns im Voraus mit gute Laune bewaffnet, also mit warme Regenjaken und Pullis. Drei Tagen dauerte unserer Aufenthalt. Am [&hellip;]<\/p>\n","protected":false},"author":34,"featured_media":0,"parent":0,"menu_order":0,"comment_status":"closed","ping_status":"closed","template":"","meta":{"footnotes":""},"class_list":["post-1795","page","type-page","status-publish","hentry"],"publishpress_future_action":{"enabled":false,"date":"2026-05-01 19:00:40","action":"change-status","newStatus":"draft","terms":[],"taxonomy":""},"publishpress_future_workflow_manual_trigger":{"enabledWorkflows":[]},"_links":{"self":[{"href":"https:\/\/winw.de\/dsa\/index.php?rest_route=\/wp\/v2\/pages\/1795","targetHints":{"allow":["GET"]}}],"collection":[{"href":"https:\/\/winw.de\/dsa\/index.php?rest_route=\/wp\/v2\/pages"}],"about":[{"href":"https:\/\/winw.de\/dsa\/index.php?rest_route=\/wp\/v2\/types\/page"}],"author":[{"embeddable":true,"href":"https:\/\/winw.de\/dsa\/index.php?rest_route=\/wp\/v2\/users\/34"}],"replies":[{"embeddable":true,"href":"https:\/\/winw.de\/dsa\/index.php?rest_route=%2Fwp%2Fv2%2Fcomments&post=1795"}],"version-history":[{"count":5,"href":"https:\/\/winw.de\/dsa\/index.php?rest_route=\/wp\/v2\/pages\/1795\/revisions"}],"predecessor-version":[{"id":1854,"href":"https:\/\/winw.de\/dsa\/index.php?rest_route=\/wp\/v2\/pages\/1795\/revisions\/1854"}],"wp:attachment":[{"href":"https:\/\/winw.de\/dsa\/index.php?rest_route=%2Fwp%2Fv2%2Fmedia&parent=1795"}],"curies":[{"name":"wp","href":"https:\/\/api.w.org\/{rel}","templated":true}]}}