{"id":1869,"date":"2015-11-24T14:50:29","date_gmt":"2015-11-24T12:50:29","guid":{"rendered":"http:\/\/winw.de\/dsa\/?page_id=1869"},"modified":"2016-03-25T08:53:47","modified_gmt":"2016-03-25T06:53:47","slug":"artikel-zum-erasmus-ausflug-nach-mirandola-italien","status":"publish","type":"page","link":"https:\/\/winw.de\/dsa\/?page_id=1869","title":{"rendered":"Artikel zum Erasmus+ Ausflug nach Mirandola, Italien"},"content":{"rendered":"<p>Unsere Reise hat Montag morgens begonnen. Nach zwei langen Fl\u00fcgen sind wir in Bologna angekommen, wo wir auch auf unsere finnischen Partner warteten. Wir erreichten <span class=\"hiddenSpellError\">Mirandola<\/span> mit dem Bus; diese war die erste Gelegenheit f\u00fcr uns die Finnen kennenzulernen. Unsere Gastsch\u00fcler holten uns vom ISS <span class=\"hiddenGrammarError\" style=\"cursor: pointer; color: #ffffff; font-family: 'Courier New', Courier, 'Lucida Sans Typewriter', 'Lucida Typewriter', monospace; font-size: 13px; font-style: normal; font-variant: normal; font-weight: normal; letter-spacing: normal; line-height: 15px; orphans: auto; text-align: start; text-indent: 0px; text-transform: none; white-space: normal; widows: 1; word-spacing: 0px; -webkit-text-stroke-width: 0px; background-color: #0d845f;\">\u201c<\/span><span class=\"hiddenSpellError\">Gallileo<\/span> <span class=\"hiddenSpellError\">Gallilei<\/span><span class=\"hiddenGrammarError\" style=\"cursor: pointer; color: #ffffff; font-family: 'Courier New', Courier, 'Lucida Sans Typewriter', 'Lucida Typewriter', monospace; font-size: 13px; font-style: normal; font-variant: normal; font-weight: normal; letter-spacing: normal; line-height: 15px; orphans: auto; text-align: start; text-indent: 0px; text-transform: none; white-space: normal; widows: 1; word-spacing: 0px; -webkit-text-stroke-width: 0px; background-color: #0d845f;\">\u201d<\/span>; sie waren sehr begeistert uns zu treffen. Alle stellten sich die Frage, wie ihre Austauschpartner aus Rum\u00e4nien sein werden, insbesondere weil wir ihre Freunde schon aus Bonn kannten. Dann verbrachten wir einen sch\u00f6nen Nachmittag sowohl mit allen anderen Projektmitgliedern, als auch mit der Gastfamilie. Manche a\u00dfen eine <span class=\"hiddenSpellError\">Gelato<\/span> in <span class=\"hiddenSpellError\">Medolla<\/span>, waren dann zu Hause um 8 f\u00fcr das Abendmahl und gingen letztendlich ins Besuch bei einem M\u00e4dchen, das zwei Austauschsch\u00fcler hatte! Wir spielten auf <span class=\"hiddenSpellError\">Wii<\/span>, tanzten und hatten Spa\u00df. Daran nahmen fast alle Rum\u00e4ne teil.<\/p>\n<p>Am n\u00e4chsten Tag wurde alles viel ernster! In der Aula neben dem Institut wurden Reden von manchen wichtigen Pers\u00f6nlichkeiten aus der Schule gehalten, und auch von B\u00fcrgermeister der geschichtsreichen Stadt <span class=\"hiddenSpellError\">Mirandola<\/span>! Danach gingen wir mit unseren Gruppen auf einer Schnitzeljagd in der Stadt. Da ein Erdbeben stattfand, wurden wir leider zur Schule geschickt. Trotzdem verbrachten wir, alle 48 Leute aus Deutschland, Finnland, Italien und Rum\u00e4nien eine sehr gute Zeit beisammen wir stellten unsere Teilprojekte vor und besprachen was wir weiter f\u00fcr die Endpr\u00e4sentation vorbereiten werden. Abends gingen manche von uns Pizza essen und nahmen an einem Quiz zum Allgemeinwissen teil, andere gingen Kegeln spielen. Alles machte uns einen Riesenspa\u00df!<\/p>\n<p>Am dritten Tag gab es einen Ausflug nach Mailand, genauer nach der Weltausstellung die in diesem Jahr im Mailand stattfand. (*F\u00fcr wer es nicht wei\u00df, die Weltausstellung ist eine internationale Tradition, die seit dem 19. Jahrhundert gehalten wird. Jedes mal gibt es ein verschiedenes Thema. Es gab auch eine in unserem Land zur zeit von K\u00f6nig Carol. Au\u00dferdem, die Tour Eiffel, Symbol von Paris, wurde zu solch einer Angelegenheit gebaut. Weitere Informationen zu Weltausstellungen finden Sie auf die offizielle Wikipedia-Seite). Dieses Jahr galt Essen und gastronomische Traditionen als Thema, und jedes Land, das mitmachte, hat die Ihrige am kreativsten vorgestellt<\/p>\n<p>Es wurde dort gegessen, obwohl es manchen Orten \u00fcberteuert war. Es war dort trotzdem eine unglaubliche Menge von Menschen, die in ihren Rausch die einzelnen L\u00e4nder integrierte.<br \/>\nAm Donnerstag ging es mit den Pr\u00e4sentationen los, nachdem wir noch 3 Stunden flei\u00dfig gearbeitet hatten.<br \/>\nDer Ausflug nach Venedig war ein traumhaftes Erlebnis. Das Wetter war wunderbar, die Sonne schien und keine einzige Wolke war am Himmel. Wir besuchten bekannte Orte in Venedig, wie die Piazza San Marco oder <span class=\"hiddenSpellError\">Ponte<\/span> <span class=\"hiddenSpellError\">di<\/span> Rialto, der <span class=\"hiddenSpellError\">Teatro<\/span> de <span class=\"hiddenSpellError\">la<\/span> <span class=\"hiddenSpellError\">Fenice<\/span> und andere. Das italienische Essen haben wir auch mehrmals gekostet, leckere Pasta und Pizza und, nicht zu vergessen, das von allen beliebte Tiramisu.<\/p>\n<p>Am Familientag waren die meisten von den Teilnehmer f\u00fcr einen Ausflug nach Verona einverstanden. Was uns dort erwartete, war eine Stadt voller Geschichte. Man konnte auch sagen, die Luft roch nach Geschichte. Im Zentrum fanden wir einen kleinen <span class=\"hiddenSpellError\">Colloseum<\/span>, nah daran aber auch der entt\u00e4uschende Balkon von <span class=\"hiddenSpellError\">Jullietta.<\/span> Es gab dann die M\u00f6glichkeit, den <span class=\"hiddenSpellError\">Castelvecchio<\/span>, ein mittelalterliches Geb\u00e4ude, zu besuchen und sich vor seiner roten Backsteine und seiner integrierten Br\u00fccke \u00fcber den Fluss zu bewundern und einen Selfie machen. Viele von uns waren inzwischen beim <span class=\"hiddenSpellError\">Shoppen<\/span> von unterschiedlichste Produkte, denn Verona hat eine reiche Auswahl von L\u00e4den eine schone Sicht \u00fcber die Stadt konnte erreicht werden, falls man entlang dem arch\u00e4ologischen Theater bis zum San Pietro Schloss, westlich der Stadt, stieg.<\/p>\n<p>&nbsp;<\/p>\n<p>Bilder:<\/p>\n<p>http:\/\/www.galileimirandola.it\/images\/stories\/progetti\/ErasmusGGTMirandola2015.pdf<\/p>\n<p>Denisa Calomfirescu\u00a0 &amp; Teodor Teleag\u0103 (beide 11-C)<\/p>\n","protected":false},"excerpt":{"rendered":"<p>Unsere Reise hat Montag morgens begonnen. Nach zwei langen Fl\u00fcgen sind wir in Bologna angekommen, wo wir auch auf unsere finnischen Partner warteten. Wir erreichten Mirandola mit dem Bus; diese war die erste Gelegenheit f\u00fcr uns die Finnen kennenzulernen. Unsere Gastsch\u00fcler holten uns vom ISS \u201cGallileo Gallilei\u201d; sie waren sehr begeistert uns zu treffen. Alle [&hellip;]<\/p>\n","protected":false},"author":34,"featured_media":0,"parent":0,"menu_order":0,"comment_status":"closed","ping_status":"closed","template":"","meta":{"footnotes":""},"class_list":["post-1869","page","type-page","status-publish","hentry"],"publishpress_future_action":{"enabled":false,"date":"2026-05-01 15:18:18","action":"change-status","newStatus":"draft","terms":[],"taxonomy":""},"publishpress_future_workflow_manual_trigger":{"enabledWorkflows":[]},"_links":{"self":[{"href":"https:\/\/winw.de\/dsa\/index.php?rest_route=\/wp\/v2\/pages\/1869","targetHints":{"allow":["GET"]}}],"collection":[{"href":"https:\/\/winw.de\/dsa\/index.php?rest_route=\/wp\/v2\/pages"}],"about":[{"href":"https:\/\/winw.de\/dsa\/index.php?rest_route=\/wp\/v2\/types\/page"}],"author":[{"embeddable":true,"href":"https:\/\/winw.de\/dsa\/index.php?rest_route=\/wp\/v2\/users\/34"}],"replies":[{"embeddable":true,"href":"https:\/\/winw.de\/dsa\/index.php?rest_route=%2Fwp%2Fv2%2Fcomments&post=1869"}],"version-history":[{"count":5,"href":"https:\/\/winw.de\/dsa\/index.php?rest_route=\/wp\/v2\/pages\/1869\/revisions"}],"predecessor-version":[{"id":1982,"href":"https:\/\/winw.de\/dsa\/index.php?rest_route=\/wp\/v2\/pages\/1869\/revisions\/1982"}],"wp:attachment":[{"href":"https:\/\/winw.de\/dsa\/index.php?rest_route=%2Fwp%2Fv2%2Fmedia&parent=1869"}],"curies":[{"name":"wp","href":"https:\/\/api.w.org\/{rel}","templated":true}]}}