{"id":1992,"date":"2016-04-01T08:36:11","date_gmt":"2016-04-01T05:36:11","guid":{"rendered":"http:\/\/winw.de\/dsa\/?page_id=1992"},"modified":"2016-04-01T09:06:53","modified_gmt":"2016-04-01T06:06:53","slug":"jiu-jitsu-weltmeisterschaft-madrid-2016","status":"publish","type":"page","link":"https:\/\/winw.de\/dsa\/?page_id=1992","title":{"rendered":"Jiu Jitsu Weltmeisterschaft &#8211; Madrid, 2016"},"content":{"rendered":"<p>Wenn ein Hobby zur Leidenschaft wird, wenn die Sportlerin zur Leistungssportlerin bzw. Wettk\u00e4mpferin wird, dann kann es viel passieren, darunter auch Teilnahmen an Weltmeisterschaften und Verletzungen.<br \/>\nAls Mitglied der Jiu-Jitsu-Nationalmannschaft seit 3 Jahren, ist f\u00fcr mich eine Weltmeisterschaft (die 2. an der ich teilgenommen habe) die bedeutendste Erfahrung meines bisherigen Lebens als Leistungssportlerin. Zwischen 17. &#8211; 20. M\u00e4rz 2016 hat die\u00a0Jiu\u00a0Jitsu-Weltmeisterschaft in Madrid (Spanien) stattgefunden, wobei ich als die einzige Wettbewerberin Rum\u00e4niens bei der &lt;55\u00a0kg Gewichtsklasse teilgenommen habe.<br \/>\nEine wunderbare und besondere Erfahrung war der Mannschaftswettbewerb am letzten Tag der Meisters<img loading=\"lazy\" decoding=\"async\" class=\"  wp-image-1986 alignright\" src=\"http:\/\/winw.de\/dsa\/wp-content\/uploads\/12898194_10209036731420028_7705214709751043460_o-300x191.jpg\" alt=\"12898194_10209036731420028_7705214709751043460_o\" width=\"309\" height=\"197\" srcset=\"https:\/\/winw.de\/dsa\/wp-content\/uploads\/12898194_10209036731420028_7705214709751043460_o-300x191.jpg 300w, https:\/\/winw.de\/dsa\/wp-content\/uploads\/12898194_10209036731420028_7705214709751043460_o-1024x651.jpg 1024w, https:\/\/winw.de\/dsa\/wp-content\/uploads\/12898194_10209036731420028_7705214709751043460_o.jpg 2048w\" sizes=\"auto, (max-width: 309px) 100vw, 309px\" \/>chaft. Um sich f\u00fcr das Viertelfinale zu qualifizieren, sollte Rum\u00e4nien gegen S\u00fcd-Korea k\u00e4mpfen. Ohne das ganze Team (wir waren leider nur 5 Sportler statt 7) und mit allen Mitgliedern, die bei einer oberen Gewichtsklasse k\u00e4mpften, hat Rum\u00e4nien den Kampf gegen Korea mit 5-2 gewonnen. Der sp\u00e4tere Sieg gegen das Gastgeberland bedeutete f\u00fcr uns die Qualifikation zum\u00a0Halbfinale. Die Partie gegen Spanien war knapp, denn am Anfang an stand\u00a0es 2-0 f\u00fcr Spanien, die ein\u00a0vollst\u00e4ndiges Team hatten.<\/p>\n<p>Die ersten zwei K\u00e4mpfe wurden von rum\u00e4nischen Sportlern gewonnen, den n\u00e4chsten hat ein Spanier gewonnen, aber dem vorletzten Kampf hat Spanien verloren. Vor dem letzten Kampf stand\u00a0es 3-3, sodass der Druck auf mich ziemlich gro\u00df war, ber\u00fccksichtigend die Tatsache, dass das Publikum das spanische Team unterst\u00fctzte und dass ich nicht gehen konnte wegen eines Knochenbruchs beim Fu\u00df. Nach meinem Sieg haben wir weiter gegen Italien gek\u00e4mpft und das Spiel gegen die Niederlande\u00a0um\u00a0die Bronzemedaille verloren. Trotzdem bedeutete der 5. Platz bei einer Weltmeisterschaft sehr viel f\u00fcr unsere Mannschaft.<\/p>\n<p>Ich bedanke mich bei der DSA f\u00fcr die Unterst\u00fctzung!<\/p>\n<p>Maria Teodorescu, 12.C<\/p>\n<p><a href=\"http:\/\/winw.de\/dsa\/wp-content\/uploads\/1914325_1046408132088560_2790745556677956590_n1.jpg\"><img loading=\"lazy\" decoding=\"async\" class=\"  wp-image-1987 aligncenter\" src=\"http:\/\/winw.de\/dsa\/wp-content\/uploads\/1914325_1046408132088560_2790745556677956590_n1.jpg\" alt=\"1914325_1046408132088560_2790745556677956590_n\" width=\"575\" height=\"345\" \/><\/a><\/p>\n","protected":false},"excerpt":{"rendered":"<p>Wenn ein Hobby zur Leidenschaft wird, wenn die Sportlerin zur Leistungssportlerin bzw. Wettk\u00e4mpferin wird, dann kann es viel passieren, darunter auch Teilnahmen an Weltmeisterschaften und Verletzungen. Als Mitglied der Jiu-Jitsu-Nationalmannschaft seit 3 Jahren, ist f\u00fcr mich eine Weltmeisterschaft (die 2. an der ich teilgenommen habe) die bedeutendste Erfahrung meines bisherigen Lebens als Leistungssportlerin. Zwischen 17. [&hellip;]<\/p>\n","protected":false},"author":15,"featured_media":0,"parent":0,"menu_order":0,"comment_status":"closed","ping_status":"closed","template":"","meta":{"footnotes":""},"class_list":["post-1992","page","type-page","status-publish","hentry"],"publishpress_future_action":{"enabled":false,"date":"2026-05-01 16:54:59","action":"change-status","newStatus":"draft","terms":[],"taxonomy":""},"publishpress_future_workflow_manual_trigger":{"enabledWorkflows":[]},"_links":{"self":[{"href":"https:\/\/winw.de\/dsa\/index.php?rest_route=\/wp\/v2\/pages\/1992","targetHints":{"allow":["GET"]}}],"collection":[{"href":"https:\/\/winw.de\/dsa\/index.php?rest_route=\/wp\/v2\/pages"}],"about":[{"href":"https:\/\/winw.de\/dsa\/index.php?rest_route=\/wp\/v2\/types\/page"}],"author":[{"embeddable":true,"href":"https:\/\/winw.de\/dsa\/index.php?rest_route=\/wp\/v2\/users\/15"}],"replies":[{"embeddable":true,"href":"https:\/\/winw.de\/dsa\/index.php?rest_route=%2Fwp%2Fv2%2Fcomments&post=1992"}],"version-history":[{"count":3,"href":"https:\/\/winw.de\/dsa\/index.php?rest_route=\/wp\/v2\/pages\/1992\/revisions"}],"predecessor-version":[{"id":1999,"href":"https:\/\/winw.de\/dsa\/index.php?rest_route=\/wp\/v2\/pages\/1992\/revisions\/1999"}],"wp:attachment":[{"href":"https:\/\/winw.de\/dsa\/index.php?rest_route=%2Fwp%2Fv2%2Fmedia&parent=1992"}],"curies":[{"name":"wp","href":"https:\/\/api.w.org\/{rel}","templated":true}]}}