{"id":2091,"date":"2016-09-28T10:13:14","date_gmt":"2016-09-28T07:13:14","guid":{"rendered":"http:\/\/winw.de\/dsa\/?page_id=2091"},"modified":"2022-03-21T10:26:27","modified_gmt":"2022-03-21T08:26:27","slug":"pqm","status":"publish","type":"page","link":"https:\/\/winw.de\/dsa\/?page_id=2091","title":{"rendered":"P\u00e4d\u00adago\u00adgi\u00adsches <br> Qua\u00adli\u00adt\u00e4ts\u00adma\u00adna\u00adge\u00adment (PQM)"},"content":{"rendered":"\n<p><\/p>\n\n\n\n<p><\/p>\n\n\n<p>Seit dem Schuljahr 2015\/2016 besitzt die Deutsche Spezialabteilung ein verschriftliches Gesamtkonzept zum&nbsp;P\u00e4d\u00adago\u00adgi\u00adschen Qua\u00adli\u00adt\u00e4ts\u00adma\u00adna\u00adge\u00adment (PQM). Es umfasst neben Elementen, die bereits viele Jahre etabliert sind und sich bew\u00e4hrt haben, auch Neuerungen der Schulentwicklung.<\/p>\n<p>Die wesentlichen S\u00e4ulen sind:<\/p>\n<p>1. Schulprogramm (Jahresplan mit Terminen und Aufgaben)<\/p>\n<p>2.&nbsp;F\u00f6rderkonzept<\/p>\n<p>3. <a href=\"http:\/\/winw.de\/dsa\/?page_id=2722\">Methoden-Curriculum<\/a><\/p>\n<p>4. Studien- und Berufsorientierung<\/p>\n<p>5. Wissens- und Weitergabe-Management<\/p>\n<p>6. Das neue Leitbild der Spezialabteilung (November 2016).<br>\n<a href=\"http:\/\/winw.de\/dsa\/wp-content\/uploads\/leitbild-dsa-beschlussfassung-nov-2016-de.pdf\">deutsche Version<\/a>&nbsp;\/ <a href=\"http:\/\/winw.de\/dsa\/wp-content\/uploads\/leitbild-dsa-beschlussfassung-nov-2016-ro.pdf\">rum\u00e4nische Version (versiunea rom\u00e2n\u0103)<\/a><\/p>\n<p>Oliver Manger<\/p>\n<p>(PQM-Beauftragter 2015-2017)<\/p>","protected":false},"excerpt":{"rendered":"<p>Seit dem Schuljahr 2015\/2016 besitzt die Deutsche Spezialabteilung ein verschriftliches Gesamtkonzept zum&nbsp;P\u00e4d\u00adago\u00adgi\u00adschen Qua\u00adli\u00adt\u00e4ts\u00adma\u00adna\u00adge\u00adment (PQM). Es umfasst neben Elementen, die bereits viele Jahre etabliert sind und sich bew\u00e4hrt haben, auch Neuerungen der Schulentwicklung. Die wesentlichen S\u00e4ulen sind: 1. Schulprogramm (Jahresplan mit Terminen und Aufgaben) 2.&nbsp;F\u00f6rderkonzept 3. Methoden-Curriculum 4. Studien- und Berufsorientierung 5. Wissens- und Weitergabe-Management 6. [&hellip;]<\/p>\n","protected":false},"author":1,"featured_media":0,"parent":57,"menu_order":0,"comment_status":"closed","ping_status":"closed","template":"","meta":{"footnotes":""},"class_list":["post-2091","page","type-page","status-publish","hentry"],"publishpress_future_action":{"enabled":false,"date":"2026-05-01 16:45:26","action":"change-status","newStatus":"draft","terms":[],"taxonomy":""},"publishpress_future_workflow_manual_trigger":{"enabledWorkflows":[]},"_links":{"self":[{"href":"https:\/\/winw.de\/dsa\/index.php?rest_route=\/wp\/v2\/pages\/2091","targetHints":{"allow":["GET"]}}],"collection":[{"href":"https:\/\/winw.de\/dsa\/index.php?rest_route=\/wp\/v2\/pages"}],"about":[{"href":"https:\/\/winw.de\/dsa\/index.php?rest_route=\/wp\/v2\/types\/page"}],"author":[{"embeddable":true,"href":"https:\/\/winw.de\/dsa\/index.php?rest_route=\/wp\/v2\/users\/1"}],"replies":[{"embeddable":true,"href":"https:\/\/winw.de\/dsa\/index.php?rest_route=%2Fwp%2Fv2%2Fcomments&post=2091"}],"version-history":[{"count":10,"href":"https:\/\/winw.de\/dsa\/index.php?rest_route=\/wp\/v2\/pages\/2091\/revisions"}],"predecessor-version":[{"id":4072,"href":"https:\/\/winw.de\/dsa\/index.php?rest_route=\/wp\/v2\/pages\/2091\/revisions\/4072"}],"up":[{"embeddable":true,"href":"https:\/\/winw.de\/dsa\/index.php?rest_route=\/wp\/v2\/pages\/57"}],"wp:attachment":[{"href":"https:\/\/winw.de\/dsa\/index.php?rest_route=%2Fwp%2Fv2%2Fmedia&parent=2091"}],"curies":[{"name":"wp","href":"https:\/\/api.w.org\/{rel}","templated":true}]}}