{"id":2158,"date":"2016-11-01T15:32:07","date_gmt":"2016-11-01T13:32:07","guid":{"rendered":"http:\/\/winw.de\/dsa\/?page_id=2158"},"modified":"2016-11-01T15:33:57","modified_gmt":"2016-11-01T13:33:57","slug":"klassenfahrt-nach-brasov-7-9-oktober-2016","status":"publish","type":"page","link":"https:\/\/winw.de\/dsa\/?page_id=2158","title":{"rendered":"Klassenfahrt nach Brasov 7-9 Oktober 2016"},"content":{"rendered":"<p>Lachen&#8230;. Schon im Zug konnte man eine Mischung von 100 Gel\u00e4chter h\u00f6ren. Nach einer Fahrt von drei Stunden sind wir endlich in Brasov angekommen. Was k\u00f6nnte besser sein als eine Wanderung um 10 Uhr abends, durch Regen, mit deinen Freunden und Klassenkameraden? Am Abend haben wir zusammen Karten gespielt\u00a0und bis sp\u00e4t sozializisiert, so dass wir uns besser kennen gelernt haben .<br \/>\nMorgens sind wir in zwei Gruppen aufgeteilt worden: Lasertaggruppe und Stadtrundganggruppe. Es war f\u00fcr alle sehr, sehr sch\u00f6n! (Unten sind ein paar Fotos zu sehen).<br \/>\nGegen Mittag haben wir uns alle in Piata Sfatului getroffen, um etwas zu essen und um das Rathausmuseum\u00a0zu besichtigen. Es war ein Tag voll von Aktivit\u00e4ten. Leider folgt jetzt der letzte Tag in Brasov. Adina und Alex haben ein paar Infos \u00fcber die Geschichte der Stadt Brasov vorbereitet und haben uns diese vorgestellt.<br \/>\nSchlie\u00dflich mussten wir wieder zur\u00fcck nach Bukarest \ud83d\ude41<br \/>\nPS: Aus dem Sicht &#8220;der Kleineren&#8221; also der 10 Kl\u00e4sslern, war diese eine v\u00f6llig tolle Erfahrung.<\/p>\n<p>&nbsp;<\/p>\n<p>Daiana Caruntu, 10. C<\/p>\n<p>&nbsp;<\/p>\n<p><a href=\"http:\/\/winw.de\/dsa\/wp-content\/uploads\/IMG_2230.jpg\"><img loading=\"lazy\" decoding=\"async\" class=\"alignnone size-medium wp-image-2170\" src=\"http:\/\/winw.de\/dsa\/wp-content\/uploads\/IMG_2230-300x225.jpg\" alt=\"img_2230\" width=\"300\" height=\"225\" srcset=\"https:\/\/winw.de\/dsa\/wp-content\/uploads\/IMG_2230-300x225.jpg 300w, https:\/\/winw.de\/dsa\/wp-content\/uploads\/IMG_2230-1024x768.jpg 1024w, https:\/\/winw.de\/dsa\/wp-content\/uploads\/IMG_2230.jpg 1280w\" sizes=\"auto, (max-width: 300px) 100vw, 300px\" \/><\/a>\u00a0 \u00a0 \u00a0 \u00a0 \u00a0 \u00a0 \u00a0 \u00a0 \u00a0 \u00a0 \u00a0 \u00a0 \u00a0 \u00a0 \u00a0 \u00a0 \u00a0 \u00a0 \u00a0 \u00a0 \u00a0 \u00a0 \u00a0 \u00a0 \u00a0 \u00a0 \u00a0 \u00a0 \u00a0\u00a0<a href=\"http:\/\/winw.de\/dsa\/wp-content\/uploads\/IMG_2229.jpg\"><img loading=\"lazy\" decoding=\"async\" class=\"alignnone size-medium wp-image-2171\" src=\"http:\/\/winw.de\/dsa\/wp-content\/uploads\/IMG_2229-300x225.jpg\" alt=\"img_2229\" width=\"300\" height=\"225\" srcset=\"https:\/\/winw.de\/dsa\/wp-content\/uploads\/IMG_2229-300x225.jpg 300w, https:\/\/winw.de\/dsa\/wp-content\/uploads\/IMG_2229-1024x768.jpg 1024w, https:\/\/winw.de\/dsa\/wp-content\/uploads\/IMG_2229.jpg 1280w\" sizes=\"auto, (max-width: 300px) 100vw, 300px\" \/><\/a><\/p>\n","protected":false},"excerpt":{"rendered":"<p>Lachen&#8230;. Schon im Zug konnte man eine Mischung von 100 Gel\u00e4chter h\u00f6ren. Nach einer Fahrt von drei Stunden sind wir endlich in Brasov angekommen. Was k\u00f6nnte besser sein als eine Wanderung um 10 Uhr abends, durch Regen, mit deinen Freunden und Klassenkameraden? Am Abend haben wir zusammen Karten gespielt\u00a0und bis sp\u00e4t sozializisiert, so dass wir [&hellip;]<\/p>\n","protected":false},"author":39,"featured_media":0,"parent":212,"menu_order":0,"comment_status":"closed","ping_status":"closed","template":"","meta":{"footnotes":""},"class_list":["post-2158","page","type-page","status-publish","hentry"],"publishpress_future_action":{"enabled":false,"date":"2026-05-01 16:54:27","action":"change-status","newStatus":"draft","terms":[],"taxonomy":""},"publishpress_future_workflow_manual_trigger":{"enabledWorkflows":[]},"_links":{"self":[{"href":"https:\/\/winw.de\/dsa\/index.php?rest_route=\/wp\/v2\/pages\/2158","targetHints":{"allow":["GET"]}}],"collection":[{"href":"https:\/\/winw.de\/dsa\/index.php?rest_route=\/wp\/v2\/pages"}],"about":[{"href":"https:\/\/winw.de\/dsa\/index.php?rest_route=\/wp\/v2\/types\/page"}],"author":[{"embeddable":true,"href":"https:\/\/winw.de\/dsa\/index.php?rest_route=\/wp\/v2\/users\/39"}],"replies":[{"embeddable":true,"href":"https:\/\/winw.de\/dsa\/index.php?rest_route=%2Fwp%2Fv2%2Fcomments&post=2158"}],"version-history":[{"count":2,"href":"https:\/\/winw.de\/dsa\/index.php?rest_route=\/wp\/v2\/pages\/2158\/revisions"}],"predecessor-version":[{"id":2173,"href":"https:\/\/winw.de\/dsa\/index.php?rest_route=\/wp\/v2\/pages\/2158\/revisions\/2173"}],"up":[{"embeddable":true,"href":"https:\/\/winw.de\/dsa\/index.php?rest_route=\/wp\/v2\/pages\/212"}],"wp:attachment":[{"href":"https:\/\/winw.de\/dsa\/index.php?rest_route=%2Fwp%2Fv2%2Fmedia&parent=2158"}],"curies":[{"name":"wp","href":"https:\/\/api.w.org\/{rel}","templated":true}]}}