{"id":2345,"date":"2017-10-08T23:52:05","date_gmt":"2017-10-08T20:52:05","guid":{"rendered":"http:\/\/winw.de\/dsa\/?page_id=2345"},"modified":"2022-09-11T19:51:05","modified_gmt":"2022-09-11T16:51:05","slug":"ehemalige-lehrkraefte","status":"publish","type":"page","link":"https:\/\/winw.de\/dsa\/?page_id=2345","title":{"rendered":"Ehemalige Lehrkr\u00e4fte der DSA"},"content":{"rendered":"\n<p>Im Laufe der Zeit haben viele verschiedene Lehrer in der DSA unterrichtet. <\/p>\n\n\n\n<p>Dazu geh\u00f6ren:<\/p>\n\n\n\n<p><\/p>\n\n\n\n<p class=\"has-text-align-center\"><a href=\"http:\/\/winw.de\/dsa\/?page_id=247\">Herr Schumacher<\/a> (bis 2022)<\/p>\n\n\n\n<p class=\"has-text-align-center\"><a rel=\"noreferrer noopener\" href=\"http:\/\/winw.de\/dsa\/?page_id=99\" target=\"_blank\">Herr Rieck<\/a><\/p>\n\n\n\n<p class=\"has-text-align-center\"><a href=\"http:\/\/winw.de\/dsa\/?page_id=105\">Frau Wirth<\/a><\/p>\n\n\n\n<p class=\"has-text-align-center\">Herr Manger<\/p>\n\n\n\n<p class=\"has-text-align-center\">Frau Thier<\/p>\n\n\n\n<p class=\"has-text-align-center\">Frau Kiehn<\/p>\n\n\n\n<p class=\"has-text-align-center\">Frau Fe\u00df<\/p>\n\n\n\n<p class=\"has-text-align-center\">Frau Mann<\/p>\n\n\n\n<p class=\"has-text-align-center\">Herr Meyer-Adams<\/p>\n\n\n\n<p class=\"has-text-align-center\">Frau Wei\u00df<\/p>\n\n\n\n<p> <\/p>\n\n\n\n<div style=\"height:47px\" aria-hidden=\"true\" class=\"wp-block-spacer\"><\/div>\n\n\n\n<p><\/p>\n\n\n\n<p><\/p>\n\n\n\n<p><\/p>\n\n\n\n<p><\/p>\n\n\n\n<div class=\"wp-block-group\"><div class=\"wp-block-group__inner-container is-layout-flow wp-block-group-is-layout-flow\">\n<p><strong>Interviewarchiv<\/strong><\/p>\n\n\n\n<p>Mit einigen ehemaligen Lehrern wurden w\u00e4hrend ihrer Zeit an der DSA Interviews gef\u00fchrt. <\/p>\n\n\n\n<div class=\"wp-block-buttons is-horizontal is-content-justification-center is-layout-flex wp-container-core-buttons-is-layout-499968f5 wp-block-buttons-is-layout-flex\">\n<div class=\"wp-block-button is-style-fill\"><a class=\"wp-block-button__link\" href=\"http:\/\/winw.de\/dsa\/?page_id=2351\">Interview Frau Thier<\/a><\/div>\n\n\n\n<div class=\"wp-block-button\"><a class=\"wp-block-button__link\" href=\"http:\/\/winw.de\/dsa\/?p=2995\">Interview Frau Fe\u00df<\/a><\/div>\n\n\n\n<div class=\"wp-block-button\"><a class=\"wp-block-button__link\" href=\"http:\/\/winw.de\/dsa\/?page_id=1101\">Interview Frau Mann<\/a><\/div>\n\n\n\n<div class=\"wp-block-button\"><a class=\"wp-block-button__link\" href=\"http:\/\/winw.de\/dsa\/?page_id=103\">Herr Meyer-Adams<\/a><\/div>\n\n\n\n<div class=\"wp-block-button\"><a class=\"wp-block-button__link\" href=\"http:\/\/winw.de\/dsa\/?page_id=604\">Interview Frau Wei\u00df <\/a><\/div>\n\n\n\n<div class=\"wp-block-button\"><a class=\"wp-block-button__link\" href=\"http:\/\/winw.de\/dsa\/?page_id=2286\">Interview Herr Rieck<\/a><\/div>\n<\/div>\n<\/div><\/div>\n","protected":false},"excerpt":{"rendered":"<p>Im Laufe der Zeit haben viele verschiedene Lehrer in der DSA unterrichtet. Dazu geh\u00f6ren: Herr Schumacher (bis 2022) Herr Rieck Frau Wirth Herr Manger Frau Thier Frau Kiehn Frau Fe\u00df Frau Mann Herr Meyer-Adams Frau Wei\u00df Interviewarchiv Mit einigen ehemaligen Lehrern wurden w\u00e4hrend ihrer Zeit an der DSA Interviews gef\u00fchrt.<\/p>\n","protected":false},"author":43,"featured_media":0,"parent":59,"menu_order":0,"comment_status":"closed","ping_status":"closed","template":"","meta":{"footnotes":""},"class_list":["post-2345","page","type-page","status-publish","hentry"],"publishpress_future_action":{"enabled":false,"date":"2026-05-01 16:54:49","action":"change-status","newStatus":"draft","terms":[],"taxonomy":""},"publishpress_future_workflow_manual_trigger":{"enabledWorkflows":[]},"_links":{"self":[{"href":"https:\/\/winw.de\/dsa\/index.php?rest_route=\/wp\/v2\/pages\/2345","targetHints":{"allow":["GET"]}}],"collection":[{"href":"https:\/\/winw.de\/dsa\/index.php?rest_route=\/wp\/v2\/pages"}],"about":[{"href":"https:\/\/winw.de\/dsa\/index.php?rest_route=\/wp\/v2\/types\/page"}],"author":[{"embeddable":true,"href":"https:\/\/winw.de\/dsa\/index.php?rest_route=\/wp\/v2\/users\/43"}],"replies":[{"embeddable":true,"href":"https:\/\/winw.de\/dsa\/index.php?rest_route=%2Fwp%2Fv2%2Fcomments&post=2345"}],"version-history":[{"count":13,"href":"https:\/\/winw.de\/dsa\/index.php?rest_route=\/wp\/v2\/pages\/2345\/revisions"}],"predecessor-version":[{"id":4311,"href":"https:\/\/winw.de\/dsa\/index.php?rest_route=\/wp\/v2\/pages\/2345\/revisions\/4311"}],"up":[{"embeddable":true,"href":"https:\/\/winw.de\/dsa\/index.php?rest_route=\/wp\/v2\/pages\/59"}],"wp:attachment":[{"href":"https:\/\/winw.de\/dsa\/index.php?rest_route=%2Fwp%2Fv2%2Fmedia&parent=2345"}],"curies":[{"name":"wp","href":"https:\/\/api.w.org\/{rel}","templated":true}]}}