{"id":3057,"date":"2019-09-30T14:01:51","date_gmt":"2019-09-30T11:01:51","guid":{"rendered":"http:\/\/winw.de\/dsa\/?page_id=3057"},"modified":"2020-10-21T10:31:59","modified_gmt":"2020-10-21T07:31:59","slug":"frau-fess","status":"publish","type":"page","link":"https:\/\/winw.de\/dsa\/?page_id=3057","title":{"rendered":"Herr Festring"},"content":{"rendered":"\n<div class=\"wp-block-image\"><figure class=\"aligncenter\"><img decoding=\"async\" src=\"http:\/\/winw.de\/dsa\/wp-content\/uploads\/2020-10-20-Foto-GoogleMail.jpg\" alt=\"\" class=\"wp-image-3222\"\/><figcaption>Benedikt Festring<\/figcaption><\/figure><\/div>\n\n\n\n<p><\/p>\n\n\n\n<p style=\"text-align:center\">Herr Festring ist Fachlehrer f\u00fcr die F\u00e4cher Mathematik und Sport<\/p>\n\n\n\n<p style=\"text-align:center\">An der DSA unterrichtet er ausschlie\u00dflich Mathematik <\/p>\n","protected":false},"excerpt":{"rendered":"<p>Herr Festring ist Fachlehrer f\u00fcr die F\u00e4cher Mathematik und Sport An der DSA unterrichtet er ausschlie\u00dflich Mathematik<\/p>\n","protected":false},"author":55,"featured_media":0,"parent":0,"menu_order":0,"comment_status":"closed","ping_status":"closed","template":"","meta":{"footnotes":""},"class_list":["post-3057","page","type-page","status-publish","hentry"],"publishpress_future_action":{"enabled":false,"date":"2026-05-01 15:19:51","action":"change-status","newStatus":"draft","terms":[],"taxonomy":""},"publishpress_future_workflow_manual_trigger":{"enabledWorkflows":[]},"_links":{"self":[{"href":"https:\/\/winw.de\/dsa\/index.php?rest_route=\/wp\/v2\/pages\/3057","targetHints":{"allow":["GET"]}}],"collection":[{"href":"https:\/\/winw.de\/dsa\/index.php?rest_route=\/wp\/v2\/pages"}],"about":[{"href":"https:\/\/winw.de\/dsa\/index.php?rest_route=\/wp\/v2\/types\/page"}],"author":[{"embeddable":true,"href":"https:\/\/winw.de\/dsa\/index.php?rest_route=\/wp\/v2\/users\/55"}],"replies":[{"embeddable":true,"href":"https:\/\/winw.de\/dsa\/index.php?rest_route=%2Fwp%2Fv2%2Fcomments&post=3057"}],"version-history":[{"count":8,"href":"https:\/\/winw.de\/dsa\/index.php?rest_route=\/wp\/v2\/pages\/3057\/revisions"}],"predecessor-version":[{"id":3232,"href":"https:\/\/winw.de\/dsa\/index.php?rest_route=\/wp\/v2\/pages\/3057\/revisions\/3232"}],"wp:attachment":[{"href":"https:\/\/winw.de\/dsa\/index.php?rest_route=%2Fwp%2Fv2%2Fmedia&parent=3057"}],"curies":[{"name":"wp","href":"https:\/\/api.w.org\/{rel}","templated":true}]}}