{"id":3163,"date":"2020-04-22T22:08:29","date_gmt":"2020-04-22T19:08:29","guid":{"rendered":"http:\/\/winw.de\/dsa\/?page_id=3163"},"modified":"2020-04-22T22:08:29","modified_gmt":"2020-04-22T19:08:29","slug":"langer-atem-zahlt-sich-aus-dsa-alumna-coralia-dehelean-berichtet-ueber-ihr-leben-nach-dem-abi","status":"publish","type":"page","link":"https:\/\/winw.de\/dsa\/?page_id=3163","title":{"rendered":"Langer Atem zahlt sich aus: DSA-Alumna Coralia Dehelean berichtet \u00fcber ihr Leben nach dem Abi"},"content":{"rendered":"\n<figure class=\"wp-block-image\"><img loading=\"lazy\" decoding=\"async\" width=\"768\" height=\"960\" src=\"http:\/\/winw.de\/dsa\/wp-content\/uploads\/92473744_2673898012856590_8365969004044484608_n.jpg\" alt=\"\" class=\"wp-image-3164\" srcset=\"https:\/\/winw.de\/dsa\/wp-content\/uploads\/92473744_2673898012856590_8365969004044484608_n.jpg 768w, https:\/\/winw.de\/dsa\/wp-content\/uploads\/92473744_2673898012856590_8365969004044484608_n-240x300.jpg 240w\" sizes=\"auto, (max-width: 768px) 100vw, 768px\" \/><\/figure>\n\n\n\n<p>Es sind schon 5 Jahre vergangen, seit ich von den Lehrkr\u00e4ften der DSA f\u00fcr das Stipendium des Deutschen Akademischen Austauschdienstes (DAAD) vorgeschlagen wurde. Damals wurde aber kein\/e Sch\u00fcler\/in des Jahrgangs ausgew\u00e4hlt. So haben viele Absolventen deren Studium in Deutschland ohne Stipendium angefangen.\u00a0<\/p>\n\n\n\n<p>Ich muss zugeben, meine Erfahrung mit dem DAAD hatte mich niedergeschlagen. Als ich bei der ersten Veranstaltung in der Uni \u00fcber Stipendien teilgenommen habe, habe ich mir gedacht:\u201d Ich versuche es nicht nochmal \u2026\u201d Und schade, dass ich es damals nicht gemacht habe. Die meisten Studienstiftungen f\u00f6rdern die Studenten sp\u00e4testens ab dem 3. Semester. Das hei\u00dft, dass ich im 8. Semester viel zu sp\u00e4t dabei war, mich zu bewerben. Meine Auswahl reduzierte sich auf wenige politische Stiftungen und private F\u00f6rderwerke mit sehr spezifischen Zielen. Letztendlich habe ich mich bei der Konrad-Adenauer-Stiftung beworben.&nbsp;<\/p>\n\n\n\n<p>Die Stiftung will deren Bewerber gut kennenlernen und erfordert nicht nur Kopien von der Allgemeinen Hochschulreife, sondern auch eine ausf\u00fchrliche Beschreibung des eigenen Engagements und der Weltanschauung. Sie will erfahren, was die Hobbys und Interessen der Studenten sind. Spiele ich ein Instrument? Was ist die Musik, die mir am meisten gef\u00e4llt? Lese ich gerne B\u00fccher, Zeitschriften? Interessiere ich mich f\u00fcr Technik?&nbsp;<\/p>\n\n\n\n<p>Nachdem ich alle Frageb\u00f6gen im Online-Portal der KAS ausgef\u00fcllt und die Unterlagen geschickt hatte, wurde ich zur Auswahltagung eingeladen. Ich habe zwei Tagen im wundersch\u00f6nen Berlin verbracht. W\u00e4hrend der Auswahltagung schreibt man eine Klausur zu tagesaktuellen Themen. Danach nimmt man an einer Debatte zu einer aktuellen politischen Situation teil (hier ging es um die politische Lage in Hong Kong; man hatte auch viele Quellen zur Verf\u00fcgung, damit man sich 40 Minuten vor dem Anfang vorbereiten kann). Diese findet unter Bewerbern aus demselben Studienfach statt &#8211; in meinem Fall Medizinstudenten. Am n\u00e4chsten Tag hat man ein Einzelgespr\u00e4ch mit einem Ausschuss aus Professoren, die im Fachbereich des Bewerbers besch\u00e4ftigt sind. Bei mir war die nette Jury aus einem Chemie-Professor, einem Geographie-Professor und einer Neurologin gebildet.&nbsp;<\/p>\n\n\n\n<p>Spoiler-Alert!!: Ich habe das Stipendium bekommen. Deswegen will ich jeden ermuntern, sich zu bewerben. Ich hatte nicht erwartet, dass ich als Medizinstudentin mit mittelm\u00e4\u00dfigen Leistungen in einer politischen Stiftung aufgenommen werde. Da ich die Allgemeine Hochschulreife in der DSA absolviert habe, bin ich sogar Teil der Begabtenf\u00f6rderung (nicht der Ausl\u00e4nderf\u00f6rderung).<\/p>\n\n\n\n<p>Das Stipendiatenleben in Deutschland ist sehr spannend. Man besucht Seminare zu vielf\u00e4ltigen Themen und darf auch selbst welche organisieren. Man fliegt zu Exkursionen im Ausland und hat Zugang zu einem Riesennetz von Stipendiaten, die einem immer helfen wollen. Suche ich eine Wohnung in Berlin, weil ich ein Praktikum hier absolvieren m\u00f6chte? Dann kann ich die Stipendiaten fragen, ob sie ein Zimmer in einer Wohngemeinschaft anbieten k\u00f6nnen! Will ich ein Praktikum in Frankreich absolvieren? Die Chance, dass ich daf\u00fcr finanzielle Unterst\u00fctzung durch die Stiftung bekomme, ist gro\u00df!<\/p>\n\n\n\n<p>Und zum Thema Netzwerk: F\u00fcr rum\u00e4nische Studenten bei ausl\u00e4ndischen Universit\u00e4ten gibt es einen tollen Verein, der sehr hilfsbereit ist. Es geht um \u201cLiga Studentilor Romani in Strainatate\u201d (LSRS). Sehr gerne k\u00f6nnt ihr euch auch an sie f\u00fcr jedes Anliegen wenden.<\/p>\n\n\n\n<p>Ich w\u00fcnsche euch viel Erfolg!&nbsp;<\/p>\n\n\n\n<p>Coralia Dehelean<\/p>\n\n\n\n<p>Alumni-Jahrgang 2015\u00a0<\/p>\n","protected":false},"excerpt":{"rendered":"<p>Es sind schon 5 Jahre vergangen, seit ich von den Lehrkr\u00e4ften der DSA f\u00fcr das Stipendium des Deutschen Akademischen Austauschdienstes (DAAD) vorgeschlagen wurde. Damals wurde aber kein\/e Sch\u00fcler\/in des Jahrgangs ausgew\u00e4hlt. So haben viele Absolventen deren Studium in Deutschland ohne Stipendium angefangen.\u00a0 Ich muss zugeben, meine Erfahrung mit dem DAAD hatte mich niedergeschlagen. Als ich [&hellip;]<\/p>\n","protected":false},"author":1,"featured_media":0,"parent":0,"menu_order":0,"comment_status":"closed","ping_status":"closed","template":"","meta":{"footnotes":""},"class_list":["post-3163","page","type-page","status-publish","hentry"],"publishpress_future_action":{"enabled":false,"date":"2026-05-01 16:56:23","action":"change-status","newStatus":"draft","terms":[],"taxonomy":""},"publishpress_future_workflow_manual_trigger":{"enabledWorkflows":[]},"_links":{"self":[{"href":"https:\/\/winw.de\/dsa\/index.php?rest_route=\/wp\/v2\/pages\/3163","targetHints":{"allow":["GET"]}}],"collection":[{"href":"https:\/\/winw.de\/dsa\/index.php?rest_route=\/wp\/v2\/pages"}],"about":[{"href":"https:\/\/winw.de\/dsa\/index.php?rest_route=\/wp\/v2\/types\/page"}],"author":[{"embeddable":true,"href":"https:\/\/winw.de\/dsa\/index.php?rest_route=\/wp\/v2\/users\/1"}],"replies":[{"embeddable":true,"href":"https:\/\/winw.de\/dsa\/index.php?rest_route=%2Fwp%2Fv2%2Fcomments&post=3163"}],"version-history":[{"count":1,"href":"https:\/\/winw.de\/dsa\/index.php?rest_route=\/wp\/v2\/pages\/3163\/revisions"}],"predecessor-version":[{"id":3166,"href":"https:\/\/winw.de\/dsa\/index.php?rest_route=\/wp\/v2\/pages\/3163\/revisions\/3166"}],"wp:attachment":[{"href":"https:\/\/winw.de\/dsa\/index.php?rest_route=%2Fwp%2Fv2%2Fmedia&parent=3163"}],"curies":[{"name":"wp","href":"https:\/\/api.w.org\/{rel}","templated":true}]}}