{"id":4092,"date":"2022-05-18T14:53:05","date_gmt":"2022-05-18T11:53:05","guid":{"rendered":"http:\/\/winw.de\/dsa\/?page_id=4092"},"modified":"2022-05-19T21:21:34","modified_gmt":"2022-05-19T18:21:34","slug":"luca-oprea-calin-filmwissenschaft-und-geschichte","status":"publish","type":"page","link":"https:\/\/winw.de\/dsa\/?page_id=4092","title":{"rendered":"Luca Oprea-C\u0103lin  &#8211; Filmwissenschaft und Geschichte"},"content":{"rendered":"\n<p><strong>Studiengang: Kombi-Bachelor mit Hauptfach&nbsp;Filmwissenschaft und Nebenfach Geschichte<\/strong><\/p>\n\n\n\n<p><strong>Universit\u00e4t: Freie Universit\u00e4t Berlin <\/strong><\/p>\n\n\n\n<p><strong>Abiturjahrgang 2021<\/strong><\/p>\n\n\n\n<div style=\"height:5px\" aria-hidden=\"true\" class=\"wp-block-spacer\"><\/div>\n\n\n\n<div data-wp-interactive=\"core\/file\" class=\"wp-block-file\"><object data-wp-bind--hidden=\"!state.hasPdfPreview\" hidden class=\"wp-block-file__embed\" data=\"http:\/\/winw.de\/dsa\/wp-content\/uploads\/Luca-Oprea-Calin-DSA-1.pdf\" type=\"application\/pdf\" style=\"width:100%;height:600px\" aria-label=\"Einbettung von Einbettung von Luca-Oprea-Calin-DSA-1..\"><\/object><a id=\"wp-block-file--media-587249ad-e309-4394-8ede-383b84ac705d\" href=\"http:\/\/winw.de\/dsa\/wp-content\/uploads\/Luca-Oprea-Calin-DSA-1.pdf\">Luca-Oprea-Calin-DSA-1<\/a><a href=\"http:\/\/winw.de\/dsa\/wp-content\/uploads\/Luca-Oprea-Calin-DSA-1.pdf\" class=\"wp-block-file__button\" download aria-describedby=\"wp-block-file--media-587249ad-e309-4394-8ede-383b84ac705d\">Herunterladen<\/a><\/div>\n\n\n\n<ul class=\"wp-block-list\"><li><a rel=\"noreferrer noopener\" href=\"https:\/\/www.liternet.ro\/autor\/6285\/Luca-Oprea-Calin.html\" target=\"_blank\">Website mit Lucas Ver\u00f6ffentlichungen zu Filmen<\/a><\/li><\/ul>\n\n\n\n<p>Weitere Informationen zum Studiengang:<\/p>\n\n\n\n<div class=\"wp-block-buttons is-content-justification-center is-layout-flex wp-container-core-buttons-is-layout-16018d1d wp-block-buttons-is-layout-flex\">\n<div class=\"wp-block-button\"><a class=\"wp-block-button__link\" href=\"https:\/\/www.fu-berlin.de\/studium\/studienangebot\/grundstaendige\/filmwissenschaft_kombi\/index.html\" target=\"_blank\" rel=\"noreferrer noopener\">FU Berlin zum Studiengang Filmwissenschaft<\/a><\/div>\n<\/div>\n\n\n\n<div style=\"height:10px\" aria-hidden=\"true\" class=\"wp-block-spacer\"><\/div>\n\n\n\n<div class=\"wp-block-buttons is-layout-flex wp-block-buttons-is-layout-flex\">\n<div class=\"wp-block-button aligncenter\"><a class=\"wp-block-button__link\" href=\"https:\/\/www.fu-berlin.de\/studium\/studienangebot\/grundstaendige\/geschichte_kombi\/index.html\" target=\"_blank\" rel=\"noreferrer noopener\">FU Berlin &#8211; Geschichte im Kombi-Bachelor<\/a><\/div>\n<\/div>\n\n\n\n<div style=\"height:10px\" aria-hidden=\"true\" class=\"wp-block-spacer\"><\/div>\n\n\n\n<p>[smartslider3 slider=&#8221;7&#8243;]<\/p>\n","protected":false},"excerpt":{"rendered":"<p>Studiengang: Kombi-Bachelor mit Hauptfach&nbsp;Filmwissenschaft und Nebenfach Geschichte Universit\u00e4t: Freie Universit\u00e4t Berlin Abiturjahrgang 2021 Website mit Lucas Ver\u00f6ffentlichungen zu Filmen Weitere Informationen zum Studiengang: [smartslider3 slider=&#8221;7&#8243;]<\/p>\n","protected":false},"author":62,"featured_media":0,"parent":0,"menu_order":0,"comment_status":"closed","ping_status":"closed","template":"","meta":{"footnotes":""},"class_list":["post-4092","page","type-page","status-publish","hentry"],"publishpress_future_action":{"enabled":false,"date":"2026-05-01 16:56:18","action":"change-status","newStatus":"draft","terms":[],"taxonomy":""},"publishpress_future_workflow_manual_trigger":{"enabledWorkflows":[]},"_links":{"self":[{"href":"https:\/\/winw.de\/dsa\/index.php?rest_route=\/wp\/v2\/pages\/4092","targetHints":{"allow":["GET"]}}],"collection":[{"href":"https:\/\/winw.de\/dsa\/index.php?rest_route=\/wp\/v2\/pages"}],"about":[{"href":"https:\/\/winw.de\/dsa\/index.php?rest_route=\/wp\/v2\/types\/page"}],"author":[{"embeddable":true,"href":"https:\/\/winw.de\/dsa\/index.php?rest_route=\/wp\/v2\/users\/62"}],"replies":[{"embeddable":true,"href":"https:\/\/winw.de\/dsa\/index.php?rest_route=%2Fwp%2Fv2%2Fcomments&post=4092"}],"version-history":[{"count":17,"href":"https:\/\/winw.de\/dsa\/index.php?rest_route=\/wp\/v2\/pages\/4092\/revisions"}],"predecessor-version":[{"id":4139,"href":"https:\/\/winw.de\/dsa\/index.php?rest_route=\/wp\/v2\/pages\/4092\/revisions\/4139"}],"wp:attachment":[{"href":"https:\/\/winw.de\/dsa\/index.php?rest_route=%2Fwp%2Fv2%2Fmedia&parent=4092"}],"curies":[{"name":"wp","href":"https:\/\/api.w.org\/{rel}","templated":true}]}}