{"id":4098,"date":"2022-05-18T14:52:21","date_gmt":"2022-05-18T11:52:21","guid":{"rendered":"http:\/\/winw.de\/dsa\/?page_id=4098"},"modified":"2022-05-19T21:26:27","modified_gmt":"2022-05-19T18:26:27","slug":"maria-oprea-kognitionswissenschaft","status":"publish","type":"page","link":"https:\/\/winw.de\/dsa\/?page_id=4098","title":{"rendered":"Maria Oprea &#8211; Kognitionswissenschaft"},"content":{"rendered":"\n<p><strong>Studiengang: Cognitive Science\/Kognitionswissenschaft<\/strong><\/p>\n\n\n\n<p><strong>Universit\u00e4t: Universit\u00e4t Osnabr\u00fcck, seit Oktober 2021<\/strong><\/p>\n\n\n\n<p><strong>Abiturjahrgang 2021<\/strong><\/p>\n\n\n\n<div data-wp-interactive=\"core\/file\" class=\"wp-block-file\"><object data-wp-bind--hidden=\"!state.hasPdfPreview\" hidden class=\"wp-block-file__embed\" data=\"http:\/\/winw.de\/dsa\/wp-content\/uploads\/Maria-Oprea-DSA.pdf\" type=\"application\/pdf\" style=\"width:100%;height:600px\" aria-label=\"Einbettung von Einbettung von Maria-Oprea-DSA..\"><\/object><a id=\"wp-block-file--media-a8d9ab06-ebad-4949-8f0d-869cd46e9dc3\" href=\"http:\/\/winw.de\/dsa\/wp-content\/uploads\/Maria-Oprea-DSA.pdf\">Maria-Oprea-DSA<\/a><a href=\"http:\/\/winw.de\/dsa\/wp-content\/uploads\/Maria-Oprea-DSA.pdf\" class=\"wp-block-file__button\" download aria-describedby=\"wp-block-file--media-a8d9ab06-ebad-4949-8f0d-869cd46e9dc3\">Herunterladen<\/a><\/div>\n\n\n\n<p>Weitere Informationen zum Studiengang:<\/p>\n\n\n\n<div class=\"wp-block-buttons is-layout-flex wp-block-buttons-is-layout-flex\">\n<div class=\"wp-block-button aligncenter\"><a class=\"wp-block-button__link\" href=\"https:\/\/www.uni-osnabrueck.de\/studieninteressierte\/studiengaenge-a-z\/cognitive-science-bachelor-of-science\/\" target=\"_blank\" rel=\"noreferrer noopener\">Vorstellung Kognitionswissenschaft Universit\u00e4t Osnabr\u00fcck<\/a><\/div>\n<\/div>\n\n\n\n<div style=\"height:10px\" aria-hidden=\"true\" class=\"wp-block-spacer\"><\/div>\n\n\n\n<div class=\"wp-block-buttons is-layout-flex wp-block-buttons-is-layout-flex\">\n<div class=\"wp-block-button aligncenter\"><a class=\"wp-block-button__link\" href=\"https:\/\/www.ikw.uni-osnabrueck.de\/en\/home.html\" target=\"_blank\" rel=\"noreferrer noopener\">Institut f\u00fcr Kognitionswissenschaft Universit\u00e4t Osnabr\u00fcck<\/a><\/div>\n<\/div>\n","protected":false},"excerpt":{"rendered":"<p>Studiengang: Cognitive Science\/Kognitionswissenschaft Universit\u00e4t: Universit\u00e4t Osnabr\u00fcck, seit Oktober 2021 Abiturjahrgang 2021 Weitere Informationen zum Studiengang:<\/p>\n","protected":false},"author":62,"featured_media":0,"parent":0,"menu_order":0,"comment_status":"closed","ping_status":"closed","template":"","meta":{"footnotes":""},"class_list":["post-4098","page","type-page","status-publish","hentry"],"publishpress_future_action":{"enabled":false,"date":"2026-05-01 16:55:05","action":"change-status","newStatus":"draft","terms":[],"taxonomy":""},"publishpress_future_workflow_manual_trigger":{"enabledWorkflows":[]},"_links":{"self":[{"href":"https:\/\/winw.de\/dsa\/index.php?rest_route=\/wp\/v2\/pages\/4098","targetHints":{"allow":["GET"]}}],"collection":[{"href":"https:\/\/winw.de\/dsa\/index.php?rest_route=\/wp\/v2\/pages"}],"about":[{"href":"https:\/\/winw.de\/dsa\/index.php?rest_route=\/wp\/v2\/types\/page"}],"author":[{"embeddable":true,"href":"https:\/\/winw.de\/dsa\/index.php?rest_route=\/wp\/v2\/users\/62"}],"replies":[{"embeddable":true,"href":"https:\/\/winw.de\/dsa\/index.php?rest_route=%2Fwp%2Fv2%2Fcomments&post=4098"}],"version-history":[{"count":5,"href":"https:\/\/winw.de\/dsa\/index.php?rest_route=\/wp\/v2\/pages\/4098\/revisions"}],"predecessor-version":[{"id":4140,"href":"https:\/\/winw.de\/dsa\/index.php?rest_route=\/wp\/v2\/pages\/4098\/revisions\/4140"}],"wp:attachment":[{"href":"https:\/\/winw.de\/dsa\/index.php?rest_route=%2Fwp%2Fv2%2Fmedia&parent=4098"}],"curies":[{"name":"wp","href":"https:\/\/api.w.org\/{rel}","templated":true}]}}