{"id":57,"date":"2012-09-10T08:29:26","date_gmt":"2012-09-10T05:29:26","guid":{"rendered":"http:\/\/winw.de\/dsa\/?page_id=57"},"modified":"2022-05-30T12:20:06","modified_gmt":"2022-05-30T09:20:06","slug":"informationen-zur-dsa","status":"publish","type":"page","link":"https:\/\/winw.de\/dsa\/?page_id=57","title":{"rendered":"Informationen zur DSA"},"content":{"rendered":"<blockquote class=\"wp-embedded-content\" data-secret=\"Pxrhphtz76\"><p><a href=\"http:\/\/winw.de\/dsa\/?page_id=153\">Gru\u00dfwort<\/a><\/p><\/blockquote>\n<p><iframe loading=\"lazy\" class=\"wp-embedded-content\" sandbox=\"allow-scripts\" security=\"restricted\" style=\"position: absolute; clip: rect(1px, 1px, 1px, 1px);\" title=\"&#8222;Gru\u00dfwort&#8220; &#8212; Goethe-Kolleg Bukarest\" src=\"http:\/\/winw.de\/dsa\/?page_id=153&#038;embed=true#?secret=U7Gxc13CIq#?secret=Pxrhphtz76\" data-secret=\"Pxrhphtz76\" width=\"550\" height=\"310\" frameborder=\"0\" marginwidth=\"0\" marginheight=\"0\" scrolling=\"no\"><\/iframe><\/p>\n<blockquote class=\"wp-embedded-content\" data-secret=\"zZ6bDnxQjj\"><p><a href=\"http:\/\/winw.de\/dsa\/?page_id=147\">Lehrpl\u00e4ne<\/a><\/p><\/blockquote>\n<p><iframe loading=\"lazy\" class=\"wp-embedded-content\" sandbox=\"allow-scripts\" security=\"restricted\" style=\"position: absolute; clip: rect(1px, 1px, 1px, 1px);\" title=\"&#8222;Lehrpl\u00e4ne&#8220; &#8212; Goethe-Kolleg Bukarest\" src=\"http:\/\/winw.de\/dsa\/?page_id=147&#038;embed=true#?secret=yoDhC3kext#?secret=zZ6bDnxQjj\" data-secret=\"zZ6bDnxQjj\" width=\"550\" height=\"310\" frameborder=\"0\" marginwidth=\"0\" marginheight=\"0\" scrolling=\"no\"><\/iframe><\/p>\n<blockquote class=\"wp-embedded-content\" data-secret=\"KtVlopFb4y\"><p><a href=\"http:\/\/winw.de\/dsa\/?page_id=4155\">Informationen f\u00fcr neue Sch\u00fclerInnen<\/a><\/p><\/blockquote>\n<p><iframe loading=\"lazy\" class=\"wp-embedded-content\" sandbox=\"allow-scripts\" security=\"restricted\" style=\"position: absolute; clip: rect(1px, 1px, 1px, 1px);\" title=\"&#8222;Informationen f\u00fcr neue Sch\u00fclerInnen&#8220; &#8212; Goethe-Kolleg Bukarest\" src=\"http:\/\/winw.de\/dsa\/?page_id=4155&#038;embed=true#?secret=RFxAEjOLGU#?secret=KtVlopFb4y\" data-secret=\"KtVlopFb4y\" width=\"550\" height=\"310\" frameborder=\"0\" marginwidth=\"0\" marginheight=\"0\" scrolling=\"no\"><\/iframe><\/p>\n<blockquote class=\"wp-embedded-content\" data-secret=\"GYMOfQBMZd\"><p><a href=\"http:\/\/winw.de\/dsa\/?page_id=151\">Schulgeschichte<\/a><\/p><\/blockquote>\n<p><iframe loading=\"lazy\" class=\"wp-embedded-content\" sandbox=\"allow-scripts\" security=\"restricted\" style=\"position: absolute; clip: rect(1px, 1px, 1px, 1px);\" title=\"&#8222;Schulgeschichte&#8220; &#8212; Goethe-Kolleg Bukarest\" src=\"http:\/\/winw.de\/dsa\/?page_id=151&#038;embed=true#?secret=6rgQWCDQdu#?secret=GYMOfQBMZd\" data-secret=\"GYMOfQBMZd\" width=\"550\" height=\"310\" frameborder=\"0\" marginwidth=\"0\" marginheight=\"0\" scrolling=\"no\"><\/iframe><\/p>\n<blockquote class=\"wp-embedded-content\" data-secret=\"XTZeAExeaC\"><p><a href=\"http:\/\/winw.de\/dsa\/?page_id=700\">Schulgeschichte DSA<\/a><\/p><\/blockquote>\n<p><iframe loading=\"lazy\" class=\"wp-embedded-content\" sandbox=\"allow-scripts\" security=\"restricted\" style=\"position: absolute; clip: rect(1px, 1px, 1px, 1px);\" title=\"&#8222;Schulgeschichte DSA&#8220; &#8212; Goethe-Kolleg Bukarest\" src=\"http:\/\/winw.de\/dsa\/?page_id=700&#038;embed=true#?secret=hRtivPxkel#?secret=XTZeAExeaC\" data-secret=\"XTZeAExeaC\" width=\"550\" height=\"310\" frameborder=\"0\" marginwidth=\"0\" marginheight=\"0\" scrolling=\"no\"><\/iframe><\/p>\n<blockquote class=\"wp-embedded-content\" data-secret=\"gAMA4mNnNH\"><p><a href=\"http:\/\/winw.de\/dsa\/?page_id=149\">Stundentafeln<\/a><\/p><\/blockquote>\n<p><iframe loading=\"lazy\" class=\"wp-embedded-content\" sandbox=\"allow-scripts\" security=\"restricted\" style=\"position: absolute; clip: rect(1px, 1px, 1px, 1px);\" title=\"&#8222;Stundentafeln&#8220; &#8212; Goethe-Kolleg Bukarest\" src=\"http:\/\/winw.de\/dsa\/?page_id=149&#038;embed=true#?secret=e8ZqSzH3bx#?secret=gAMA4mNnNH\" data-secret=\"gAMA4mNnNH\" width=\"550\" height=\"310\" frameborder=\"0\" marginwidth=\"0\" marginheight=\"0\" scrolling=\"no\"><\/iframe><\/p>\n<blockquote class=\"wp-embedded-content\" data-secret=\"8AuVRbzFOn\"><p><a href=\"http:\/\/winw.de\/dsa\/?page_id=325\">Studien- und Berufsorientierung<\/a><\/p><\/blockquote>\n<p><iframe loading=\"lazy\" class=\"wp-embedded-content\" sandbox=\"allow-scripts\" security=\"restricted\" style=\"position: absolute; clip: rect(1px, 1px, 1px, 1px);\" title=\"&#8222;Studien- und Berufsorientierung&#8220; &#8212; Goethe-Kolleg Bukarest\" src=\"http:\/\/winw.de\/dsa\/?page_id=325&#038;embed=true#?secret=cvLugUHrsK#?secret=8AuVRbzFOn\" data-secret=\"8AuVRbzFOn\" width=\"550\" height=\"310\" frameborder=\"0\" marginwidth=\"0\" marginheight=\"0\" scrolling=\"no\"><\/iframe><\/p>\n<blockquote class=\"wp-embedded-content\" data-secret=\"XPDL15euUd\"><p><a href=\"http:\/\/winw.de\/dsa\/?page_id=1232\">Abi-Infos<\/a><\/p><\/blockquote>\n<p><iframe loading=\"lazy\" class=\"wp-embedded-content\" sandbox=\"allow-scripts\" security=\"restricted\" style=\"position: absolute; clip: rect(1px, 1px, 1px, 1px);\" title=\"&#8222;Abi-Infos&#8220; &#8212; Goethe-Kolleg Bukarest\" src=\"http:\/\/winw.de\/dsa\/?page_id=1232&#038;embed=true#?secret=1KdP1xNjZi#?secret=XPDL15euUd\" data-secret=\"XPDL15euUd\" width=\"550\" height=\"310\" frameborder=\"0\" marginwidth=\"0\" marginheight=\"0\" scrolling=\"no\"><\/iframe><\/p>\n<blockquote class=\"wp-embedded-content\" data-secret=\"aJptrfDOzl\"><p><a href=\"http:\/\/winw.de\/dsa\/?page_id=2091\">P\u00e4d\u00adago\u00adgi\u00adsches  Qua\u00adli\u00adt\u00e4ts\u00adma\u00adna\u00adge\u00adment (PQM)<\/a><\/p><\/blockquote>\n<p><iframe loading=\"lazy\" class=\"wp-embedded-content\" sandbox=\"allow-scripts\" security=\"restricted\" style=\"position: absolute; clip: rect(1px, 1px, 1px, 1px);\" title=\"&#8222;P\u00e4d\u00adago\u00adgi\u00adsches &lt;br&gt; Qua\u00adli\u00adt\u00e4ts\u00adma\u00adna\u00adge\u00adment (PQM)&#8220; &#8212; Goethe-Kolleg Bukarest\" src=\"http:\/\/winw.de\/dsa\/?page_id=2091&#038;embed=true#?secret=moYVnzvfaY#?secret=aJptrfDOzl\" data-secret=\"aJptrfDOzl\" width=\"550\" height=\"310\" frameborder=\"0\" marginwidth=\"0\" marginheight=\"0\" scrolling=\"no\"><\/iframe><\/p>\n<p><!--more--><\/p>\n","protected":false},"excerpt":{"rendered":"<p>Gru\u00dfwort Lehrpl\u00e4ne Informationen f\u00fcr neue Sch\u00fclerInnen Schulgeschichte Schulgeschichte DSA Stundentafeln Studien- und Berufsorientierung Abi-Infos P\u00e4d\u00adago\u00adgi\u00adsches Qua\u00adli\u00adt\u00e4ts\u00adma\u00adna\u00adge\u00adment (PQM)<\/p>\n","protected":false},"author":1,"featured_media":0,"parent":55,"menu_order":0,"comment_status":"closed","ping_status":"open","template":"","meta":{"footnotes":""},"class_list":["post-57","page","type-page","status-publish","hentry"],"publishpress_future_action":{"enabled":false,"date":"2026-05-01 16:46:49","action":"change-status","newStatus":"draft","terms":[],"taxonomy":""},"publishpress_future_workflow_manual_trigger":{"enabledWorkflows":[]},"_links":{"self":[{"href":"https:\/\/winw.de\/dsa\/index.php?rest_route=\/wp\/v2\/pages\/57","targetHints":{"allow":["GET"]}}],"collection":[{"href":"https:\/\/winw.de\/dsa\/index.php?rest_route=\/wp\/v2\/pages"}],"about":[{"href":"https:\/\/winw.de\/dsa\/index.php?rest_route=\/wp\/v2\/types\/page"}],"author":[{"embeddable":true,"href":"https:\/\/winw.de\/dsa\/index.php?rest_route=\/wp\/v2\/users\/1"}],"replies":[{"embeddable":true,"href":"https:\/\/winw.de\/dsa\/index.php?rest_route=%2Fwp%2Fv2%2Fcomments&post=57"}],"version-history":[{"count":9,"href":"https:\/\/winw.de\/dsa\/index.php?rest_route=\/wp\/v2\/pages\/57\/revisions"}],"predecessor-version":[{"id":4168,"href":"https:\/\/winw.de\/dsa\/index.php?rest_route=\/wp\/v2\/pages\/57\/revisions\/4168"}],"up":[{"embeddable":true,"href":"https:\/\/winw.de\/dsa\/index.php?rest_route=\/wp\/v2\/pages\/55"}],"wp:attachment":[{"href":"https:\/\/winw.de\/dsa\/index.php?rest_route=%2Fwp%2Fv2%2Fmedia&parent=57"}],"curies":[{"name":"wp","href":"https:\/\/api.w.org\/{rel}","templated":true}]}}