{"id":59,"date":"2012-09-10T08:30:01","date_gmt":"2012-09-10T05:30:01","guid":{"rendered":"http:\/\/winw.de\/dsa\/?page_id=59"},"modified":"2022-09-28T15:17:07","modified_gmt":"2022-09-28T12:17:07","slug":"lehrkrafte","status":"publish","type":"page","link":"https:\/\/winw.de\/dsa\/?page_id=59","title":{"rendered":"Lehrkr\u00e4fte"},"content":{"rendered":"\n<p>In der Spezialabteilung unterrichten aus Deutschland vermittelte Lehrkr\u00e4fte die F\u00e4cher Deutsch, Mathematik, Geschichte und Spracharbeit. Au\u00dferdem gibt es noch rum\u00e4nische Lehrkr\u00e4fte, welche die anderen F\u00e4cher unterrichten.<\/p>\n\n\n\n<p><\/p>\n\n\n\n<figure class=\"wp-block-gallery has-nested-images columns-default is-cropped wp-block-gallery-1 is-layout-flex wp-block-gallery-is-layout-flex\">\n<figure class=\"wp-block-image size-large\"><a href=\"http:\/\/winw.de\/dsa\/wp-content\/uploads\/2020-10-20-Foto-GoogleMail-e1633517002333.jpg\"><img loading=\"lazy\" decoding=\"async\" width=\"466\" height=\"542\" data-id=\"3222\" src=\"http:\/\/winw.de\/dsa\/wp-content\/uploads\/2020-10-20-Foto-GoogleMail-e1633517002333.jpg\" alt=\"\" class=\"wp-image-3222\" srcset=\"https:\/\/winw.de\/dsa\/wp-content\/uploads\/2020-10-20-Foto-GoogleMail-e1633517002333.jpg 466w, https:\/\/winw.de\/dsa\/wp-content\/uploads\/2020-10-20-Foto-GoogleMail-e1633517002333-258x300.jpg 258w\" sizes=\"auto, (max-width: 466px) 100vw, 466px\" \/><\/a><figcaption><a href=\"http:\/\/winw.de\/dsa\/?page_id=3057\" data-type=\"URL\" data-id=\"winw.de\/dsa\/?page_id=3057\">Herr Festring<\/a><\/figcaption><\/figure>\n\n\n\n<figure class=\"wp-block-image size-large\"><a href=\"http:\/\/winw.de\/dsa\/wp-content\/uploads\/IMG_0471-scaled-e1634108605902.jpg\"><img loading=\"lazy\" decoding=\"async\" width=\"676\" height=\"1024\" data-id=\"3662\" src=\"http:\/\/winw.de\/dsa\/wp-content\/uploads\/IMG_0471-scaled-e1634108605902-676x1024.jpg\" alt=\"\" class=\"wp-image-3662\" srcset=\"https:\/\/winw.de\/dsa\/wp-content\/uploads\/IMG_0471-scaled-e1634108605902-676x1024.jpg 676w, https:\/\/winw.de\/dsa\/wp-content\/uploads\/IMG_0471-scaled-e1634108605902-198x300.jpg 198w, https:\/\/winw.de\/dsa\/wp-content\/uploads\/IMG_0471-scaled-e1634108605902-768x1163.jpg 768w, https:\/\/winw.de\/dsa\/wp-content\/uploads\/IMG_0471-scaled-e1634108605902-1014x1536.jpg 1014w, https:\/\/winw.de\/dsa\/wp-content\/uploads\/IMG_0471-scaled-e1634108605902-1352x2048.jpg 1352w, https:\/\/winw.de\/dsa\/wp-content\/uploads\/IMG_0471-scaled-e1634108605902.jpg 1529w\" sizes=\"auto, (max-width: 676px) 100vw, 676px\" \/><\/a><figcaption><a href=\"http:\/\/winw.de\/dsa\/?page_id=3336\"> Herr Goldbeck <\/a><\/figcaption><\/figure>\n\n\n\n<figure class=\"wp-block-image size-large\"><a href=\"http:\/\/winw.de\/dsa\/wp-content\/uploads\/knapp_dsa.png\"><img loading=\"lazy\" decoding=\"async\" width=\"260\" height=\"357\" data-id=\"3665\" src=\"http:\/\/winw.de\/dsa\/wp-content\/uploads\/knapp_dsa.png\" alt=\"\" class=\"wp-image-3665\" srcset=\"https:\/\/winw.de\/dsa\/wp-content\/uploads\/knapp_dsa.png 260w, https:\/\/winw.de\/dsa\/wp-content\/uploads\/knapp_dsa-218x300.png 218w\" sizes=\"auto, (max-width: 260px) 100vw, 260px\" \/><\/a><figcaption><a href=\"http:\/\/winw.de\/dsa\/?page_id=3048\" data-type=\"URL\"> Frau Knapp <\/a><\/figcaption><\/figure>\n<\/figure>\n\n\n\n<figure class=\"wp-block-gallery has-nested-images columns-default is-cropped wp-block-gallery-2 is-layout-flex wp-block-gallery-is-layout-flex\">\n<figure class=\"wp-block-image size-large\"><a href=\"http:\/\/winw.de\/dsa\/wp-content\/uploads\/IMG_6713-2.jpg\"><img loading=\"lazy\" decoding=\"async\" width=\"768\" height=\"1024\" data-id=\"4334\" src=\"http:\/\/winw.de\/dsa\/wp-content\/uploads\/IMG_6713-2-768x1024.jpg\" alt=\"\" class=\"wp-image-4334\" srcset=\"https:\/\/winw.de\/dsa\/wp-content\/uploads\/IMG_6713-2-768x1024.jpg 768w, https:\/\/winw.de\/dsa\/wp-content\/uploads\/IMG_6713-2-225x300.jpg 225w, https:\/\/winw.de\/dsa\/wp-content\/uploads\/IMG_6713-2.jpg 960w\" sizes=\"auto, (max-width: 768px) 100vw, 768px\" \/><\/a><figcaption><a href=\"http:\/\/winw.de\/dsa\/?page_id=4302\">Herr Lewandowski<\/a><\/figcaption><\/figure>\n\n\n\n<figure class=\"wp-block-image size-large\"><a href=\"http:\/\/winw.de\/dsa\/wp-content\/uploads\/MERZ.jpg\"><img loading=\"lazy\" decoding=\"async\" width=\"1024\" height=\"938\" data-id=\"3257\" src=\"http:\/\/winw.de\/dsa\/wp-content\/uploads\/MERZ-1024x938.jpg\" alt=\"\" class=\"wp-image-3257\" srcset=\"https:\/\/winw.de\/dsa\/wp-content\/uploads\/MERZ-1024x938.jpg 1024w, https:\/\/winw.de\/dsa\/wp-content\/uploads\/MERZ-300x275.jpg 300w, https:\/\/winw.de\/dsa\/wp-content\/uploads\/MERZ-768x704.jpg 768w\" sizes=\"auto, (max-width: 1024px) 100vw, 1024px\" \/><\/a><figcaption><a href=\"http:\/\/winw.de\/dsa\/?page_id=97\">Herr Merz<\/a><\/figcaption><\/figure>\n\n\n\n<figure class=\"wp-block-image size-large\"><a href=\"http:\/\/winw.de\/dsa\/wp-content\/uploads\/2020-10-19-Wulff-LdA-DSA-Bukarest.jpg\"><img loading=\"lazy\" decoding=\"async\" width=\"428\" height=\"640\" data-id=\"3211\" src=\"http:\/\/winw.de\/dsa\/wp-content\/uploads\/2020-10-19-Wulff-LdA-DSA-Bukarest.jpg\" alt=\"\" class=\"wp-image-3211\" srcset=\"https:\/\/winw.de\/dsa\/wp-content\/uploads\/2020-10-19-Wulff-LdA-DSA-Bukarest.jpg 428w, https:\/\/winw.de\/dsa\/wp-content\/uploads\/2020-10-19-Wulff-LdA-DSA-Bukarest-201x300.jpg 201w\" sizes=\"auto, (max-width: 428px) 100vw, 428px\" \/><\/a><figcaption><a href=\"http:\/\/winw.de\/dsa\/?page_id=3051\">Herr Wulff<\/a><\/figcaption><\/figure>\n<\/figure>\n\n\n\n<figure class=\"wp-block-table is-style-stripes\"><table><tbody><tr><td class=\"has-text-align-center\" data-align=\"center\">  <a href=\"http:\/\/winw.de\/dsa\/?page_id=3057\">Herr Festring<\/a><\/td><td class=\"has-text-align-center\" data-align=\"center\"><a href=\"http:\/\/winw.de\/dsa\/?page_id=3336\">Herr Goldbeck<\/a><\/td><td class=\"has-text-align-center\" data-align=\"center\"><a href=\"http:\/\/winw.de\/dsa\/?page_id=3048\">Frau Knapp<\/a><\/td><\/tr><tr><td class=\"has-text-align-center\" data-align=\"center\"><a href=\"http:\/\/winw.de\/dsa\/?page_id=4302\">Herr Lewandowski<\/a><\/td><td class=\"has-text-align-center\" data-align=\"center\"><a href=\"http:\/\/winw.de\/dsa\/?page_id=97\">Herr Merz<\/a><\/td><td class=\"has-text-align-center\" data-align=\"center\"><a href=\"http:\/\/winw.de\/dsa\/?page_id=3051\">Herr Wulff<\/a><\/td><\/tr><tr><td class=\"has-text-align-center\" data-align=\"center\"><\/td><td class=\"has-text-align-center\" data-align=\"center\"><\/td><td class=\"has-text-align-center\" data-align=\"center\"><\/td><\/tr><tr><td class=\"has-text-align-center\" data-align=\"center\"> <a href=\"http:\/\/winw.de\/dsa\/?page_id=2345\">Ehemalige Lehrkr\u00e4fte der DSA<\/a> <\/td><td class=\"has-text-align-center\" data-align=\"center\"><\/td><td class=\"has-text-align-center\" data-align=\"center\"><a rel=\"noreferrer noopener\" href=\"http:\/\/winw.de\/dsa\/?page_id=374\" target=\"_blank\">Rum\u00e4nische Lehrer<\/a> <\/td><\/tr><\/tbody><\/table><\/figure>\n\n\n\n<p><\/p>\n\n\n\n<p><\/p>\n\n\n\n<p><\/p>\n","protected":false},"excerpt":{"rendered":"<p>In der Spezialabteilung unterrichten aus Deutschland vermittelte Lehrkr\u00e4fte die F\u00e4cher Deutsch, Mathematik, Geschichte und Spracharbeit. Au\u00dferdem gibt es noch rum\u00e4nische Lehrkr\u00e4fte, welche die anderen F\u00e4cher unterrichten. Herr Festring Herr Goldbeck Frau Knapp Herr Lewandowski Herr Merz Herr Wulff Ehemalige Lehrkr\u00e4fte der DSA Rum\u00e4nische Lehrer<\/p>\n","protected":false},"author":1,"featured_media":0,"parent":55,"menu_order":0,"comment_status":"closed","ping_status":"open","template":"","meta":{"footnotes":""},"class_list":["post-59","page","type-page","status-publish","hentry"],"publishpress_future_action":{"enabled":false,"date":"2026-05-01 15:17:06","action":"change-status","newStatus":"draft","terms":[],"taxonomy":""},"publishpress_future_workflow_manual_trigger":{"enabledWorkflows":[]},"_links":{"self":[{"href":"https:\/\/winw.de\/dsa\/index.php?rest_route=\/wp\/v2\/pages\/59","targetHints":{"allow":["GET"]}}],"collection":[{"href":"https:\/\/winw.de\/dsa\/index.php?rest_route=\/wp\/v2\/pages"}],"about":[{"href":"https:\/\/winw.de\/dsa\/index.php?rest_route=\/wp\/v2\/types\/page"}],"author":[{"embeddable":true,"href":"https:\/\/winw.de\/dsa\/index.php?rest_route=\/wp\/v2\/users\/1"}],"replies":[{"embeddable":true,"href":"https:\/\/winw.de\/dsa\/index.php?rest_route=%2Fwp%2Fv2%2Fcomments&post=59"}],"version-history":[{"count":33,"href":"https:\/\/winw.de\/dsa\/index.php?rest_route=\/wp\/v2\/pages\/59\/revisions"}],"predecessor-version":[{"id":4335,"href":"https:\/\/winw.de\/dsa\/index.php?rest_route=\/wp\/v2\/pages\/59\/revisions\/4335"}],"up":[{"embeddable":true,"href":"https:\/\/winw.de\/dsa\/index.php?rest_route=\/wp\/v2\/pages\/55"}],"wp:attachment":[{"href":"https:\/\/winw.de\/dsa\/index.php?rest_route=%2Fwp%2Fv2%2Fmedia&parent=59"}],"curies":[{"name":"wp","href":"https:\/\/api.w.org\/{rel}","templated":true}]}}