{"id":97,"date":"2012-09-10T08:55:38","date_gmt":"2012-09-10T05:55:38","guid":{"rendered":"http:\/\/winw.de\/dsa\/?page_id=97"},"modified":"2021-02-24T13:33:31","modified_gmt":"2021-02-24T11:33:31","slug":"manger","status":"publish","type":"page","link":"https:\/\/winw.de\/dsa\/?page_id=97","title":{"rendered":"Herr Merz"},"content":{"rendered":"\n<figure class=\"wp-block-image\"><img loading=\"lazy\" decoding=\"async\" width=\"1024\" height=\"938\" src=\"http:\/\/winw.de\/dsa\/wp-content\/uploads\/MERZ-1024x938.jpg\" alt=\"\" class=\"wp-image-3257\" srcset=\"https:\/\/winw.de\/dsa\/wp-content\/uploads\/MERZ-1024x938.jpg 1024w, https:\/\/winw.de\/dsa\/wp-content\/uploads\/MERZ-300x275.jpg 300w, https:\/\/winw.de\/dsa\/wp-content\/uploads\/MERZ-768x704.jpg 768w\" sizes=\"auto, (max-width: 1024px) 100vw, 1024px\" \/><figcaption>Christof Merz<\/figcaption><\/figure>\n\n\n\n<p style=\"text-align:center\">Herr Merz ist Fachlehrer f\u00fcr die F\u00e4cher Mathematik und Sport<\/p>\n\n\n\n<p style=\"text-align:center\">An der DSA unterricht er ausschlie\u00dflich Mathematik <\/p>\n","protected":false},"excerpt":{"rendered":"<p>Herr Merz ist Fachlehrer f\u00fcr die F\u00e4cher Mathematik und Sport An der DSA unterricht er ausschlie\u00dflich Mathematik<\/p>\n","protected":false},"author":1,"featured_media":0,"parent":59,"menu_order":5,"comment_status":"closed","ping_status":"closed","template":"","meta":{"footnotes":""},"class_list":["post-97","page","type-page","status-publish","hentry"],"publishpress_future_action":{"enabled":false,"date":"2026-05-01 16:45:17","action":"change-status","newStatus":"draft","terms":[],"taxonomy":""},"publishpress_future_workflow_manual_trigger":{"enabledWorkflows":[]},"_links":{"self":[{"href":"https:\/\/winw.de\/dsa\/index.php?rest_route=\/wp\/v2\/pages\/97","targetHints":{"allow":["GET"]}}],"collection":[{"href":"https:\/\/winw.de\/dsa\/index.php?rest_route=\/wp\/v2\/pages"}],"about":[{"href":"https:\/\/winw.de\/dsa\/index.php?rest_route=\/wp\/v2\/types\/page"}],"author":[{"embeddable":true,"href":"https:\/\/winw.de\/dsa\/index.php?rest_route=\/wp\/v2\/users\/1"}],"replies":[{"embeddable":true,"href":"https:\/\/winw.de\/dsa\/index.php?rest_route=%2Fwp%2Fv2%2Fcomments&post=97"}],"version-history":[{"count":17,"href":"https:\/\/winw.de\/dsa\/index.php?rest_route=\/wp\/v2\/pages\/97\/revisions"}],"predecessor-version":[{"id":3259,"href":"https:\/\/winw.de\/dsa\/index.php?rest_route=\/wp\/v2\/pages\/97\/revisions\/3259"}],"up":[{"embeddable":true,"href":"https:\/\/winw.de\/dsa\/index.php?rest_route=\/wp\/v2\/pages\/59"}],"wp:attachment":[{"href":"https:\/\/winw.de\/dsa\/index.php?rest_route=%2Fwp%2Fv2%2Fmedia&parent=97"}],"curies":[{"name":"wp","href":"https:\/\/api.w.org\/{rel}","templated":true}]}}